{"id":971,"date":"2021-05-05T11:40:02","date_gmt":"2021-05-05T09:40:02","guid":{"rendered":"https:\/\/landhaus-christmann.de\/?post_type=product&#038;p=971"},"modified":"2026-03-25T09:08:28","modified_gmt":"2026-03-25T08:08:28","slug":"sektglas","status":"publish","type":"product","link":"https:\/\/landhaus-christmann.de\/pl\/produkt\/sektglas\/","title":{"rendered":"Sektglas"},"content":{"rendered":"<p data-start=\"91\" data-end=\"126\"><strong data-start=\"91\" data-end=\"124\">RASTAL Sektglas\u00a0<\/strong><\/p>\n<p data-start=\"128\" data-end=\"420\">In einem schlanken Sektglas von Rastal entfaltet der Sekt seine volle Eleganz. Bereits am Moussierpunkt steigen feine, anhaltende Perlen auf, die im Glas einen funkelnden Strom bilden. Die spritzige Kohlens\u00e4ure tr\u00e4gt die frischen Aromen von Zitrus, gr\u00fcnen \u00c4pfeln oder wei\u00dfen Beeren direkt in die Nase.<\/p>\n<p data-start=\"128\" data-end=\"420\">Dank der dezenten Eichmarke bei 0,1\u202fl l\u00e4sst sich die perfekte Portion pr\u00e4zise einschenken \u2013 ideal f\u00fcr Verkostungen oder stilvollen Genuss.<\/p>\n<p data-start=\"422\" data-end=\"666\">Am Gaumen zeigt sich die lebendige Frische, die von der feinen Perlage unterst\u00fctzt wird, harmonisch balanciert mit einem eleganten, leicht cremigen Mundgef\u00fchl.<\/p>\n<p data-start=\"422\" data-end=\"666\">Das Rastal-Glas hebt Leichtigkeit, Fruchtigkeit und Eleganz des Sekts optimal hervor.<\/p>\n","protected":false},"excerpt":{"rendered":"<p>RASTAL Sektglas\u00a0 In einem schlanken Sektglas von Rastal entfaltet der <a href=\"https:\/\/landhaus-christmann.de\/pl\/produkt\/sektglas\/\"> [&#8230;]<\/a><\/p>\n","protected":false},"featured_media":974,"template":"","meta":{"_price":"5","_stock":"","_tribe_ticket_header":"","_tribe_default_ticket_provider":"","_tribe_ticket_capacity":"7","_ticket_start_date":"","_ticket_end_date":"","_tribe_ticket_show_description":"","_tribe_ticket_show_not_going":false,"_tribe_ticket_use_global_stock":"","_tribe_ticket_global_stock_level":"","_global_stock_mode":"","_global_stock_cap":"","_tribe_rsvp_for_event":"","_tribe_ticket_going_count":"","_tribe_ticket_not_going_count":"","_tribe_tickets_list":"[]","_tribe_ticket_has_attendee_info_fields":false},"product_brand":[],"product_cat":[146],"product_tag":[388,390],"class_list":{"0":"post-971","1":"product","2":"type-product","3":"status-publish","4":"has-post-thumbnail","6":"product_cat-glaeser","7":"product_tag-glas","8":"product_tag-sektglas","10":"first","11":"instock","12":"taxable","13":"shipping-taxable","14":"purchasable","15":"product-type-simple"},"yoast_head":"<!-- This site is optimized with the Yoast SEO plugin v27.4 - https:\/\/yoast.com\/product\/yoast-seo-wordpress\/ -->\n<title>Sektglas - Weingut Christmann<\/title>\n<meta name=\"robots\" content=\"index, follow, max-snippet:-1, max-image-preview:large, max-video-preview:-1\" \/>\n<link rel=\"canonical\" href=\"https:\/\/landhaus-christmann.de\/pl\/produkt\/sektglas\/\" \/>\n<meta property=\"og:locale\" content=\"pl_PL\" \/>\n<meta property=\"og:type\" content=\"article\" \/>\n<meta property=\"og:title\" content=\"Sektglas - Weingut Christmann\" \/>\n<meta property=\"og:description\" content=\"RASTAL Sektglas\u00a0 In einem schlanken Sektglas von Rastal entfaltet der [...]\" \/>\n<meta property=\"og:url\" content=\"https:\/\/landhaus-christmann.de\/pl\/produkt\/sektglas\/\" \/>\n<meta property=\"og:site_name\" content=\"Weingut Christmann\" \/>\n<meta property=\"article:publisher\" content=\"https:\/\/www.facebook.com\/WeingutChristmann\" \/>\n<meta property=\"article:modified_time\" content=\"2026-03-25T08:08:28+00:00\" \/>\n<meta property=\"og:image\" content=\"https:\/\/landhaus-christmann.de\/wp-content\/uploads\/2021\/05\/weingut-christmann_glaeser_sektglas.jpg\" \/>\n\t<meta property=\"og:image:width\" content=\"1333\" \/>\n\t<meta property=\"og:image:height\" content=\"2000\" \/>\n\t<meta property=\"og:image:type\" content=\"image\/jpeg\" \/>\n<meta name=\"twitter:card\" content=\"summary_large_image\" \/>\n<meta name=\"twitter:label1\" content=\"Szacowany czas czytania\" \/>\n\t<meta name=\"twitter:data1\" content=\"1 minuta\" \/>\n<script type=\"application\/ld+json\" class=\"yoast-schema-graph\">{\"@context\":\"https:\\\/\\\/schema.org\",\"@graph\":[{\"@type\":\"WebPage\",\"@id\":\"https:\\\/\\\/landhaus-christmann.de\\\/pl\\\/produkt\\\/sektglas\\\/\",\"url\":\"https:\\\/\\\/landhaus-christmann.de\\\/pl\\\/produkt\\\/sektglas\\\/\",\"name\":\"Sektglas - Weingut Christmann\",\"isPartOf\":{\"@id\":\"https:\\\/\\\/landhaus-christmann.de\\\/pl\\\/#website\"},\"primaryImageOfPage\":{\"@id\":\"https:\\\/\\\/landhaus-christmann.de\\\/pl\\\/produkt\\\/sektglas\\\/#primaryimage\"},\"image\":{\"@id\":\"https:\\\/\\\/landhaus-christmann.de\\\/pl\\\/produkt\\\/sektglas\\\/#primaryimage\"},\"thumbnailUrl\":\"https:\\\/\\\/landhaus-christmann.de\\\/wp-content\\\/uploads\\\/2021\\\/05\\\/weingut-christmann_glaeser_sektglas.jpg\",\"datePublished\":\"2021-05-05T09:40:02+00:00\",\"dateModified\":\"2026-03-25T08:08:28+00:00\",\"breadcrumb\":{\"@id\":\"https:\\\/\\\/landhaus-christmann.de\\\/pl\\\/produkt\\\/sektglas\\\/#breadcrumb\"},\"inLanguage\":\"pl-PL\",\"potentialAction\":[{\"@type\":\"ReadAction\",\"target\":[\"https:\\\/\\\/landhaus-christmann.de\\\/pl\\\/produkt\\\/sektglas\\\/\"]}]},{\"@type\":\"ImageObject\",\"inLanguage\":\"pl-PL\",\"@id\":\"https:\\\/\\\/landhaus-christmann.de\\\/pl\\\/produkt\\\/sektglas\\\/#primaryimage\",\"url\":\"https:\\\/\\\/landhaus-christmann.de\\\/wp-content\\\/uploads\\\/2021\\\/05\\\/weingut-christmann_glaeser_sektglas.jpg\",\"contentUrl\":\"https:\\\/\\\/landhaus-christmann.de\\\/wp-content\\\/uploads\\\/2021\\\/05\\\/weingut-christmann_glaeser_sektglas.jpg\",\"width\":1333,\"height\":2000},{\"@type\":\"BreadcrumbList\",\"@id\":\"https:\\\/\\\/landhaus-christmann.de\\\/pl\\\/produkt\\\/sektglas\\\/#breadcrumb\",\"itemListElement\":[{\"@type\":\"ListItem\",\"position\":1,\"name\":\"Startseite\",\"item\":\"https:\\\/\\\/landhaus-christmann.de\\\/pl\\\/strona-glowna\\\/\"},{\"@type\":\"ListItem\",\"position\":2,\"name\":\"Sklep\",\"item\":\"https:\\\/\\\/landhaus-christmann.de\\\/pl\\\/sklep\\\/\"},{\"@type\":\"ListItem\",\"position\":3,\"name\":\"Sektglas\"}]},{\"@type\":\"WebSite\",\"@id\":\"https:\\\/\\\/landhaus-christmann.de\\\/pl\\\/#website\",\"url\":\"https:\\\/\\\/landhaus-christmann.de\\\/pl\\\/\",\"name\":\"Weingut Christmann\",\"description\":\"Weingut und Landhaus in St. Martin\\\/Pfalz\",\"publisher\":{\"@id\":\"https:\\\/\\\/landhaus-christmann.de\\\/pl\\\/#organization\"},\"potentialAction\":[{\"@type\":\"SearchAction\",\"target\":{\"@type\":\"EntryPoint\",\"urlTemplate\":\"https:\\\/\\\/landhaus-christmann.de\\\/pl\\\/?s={search_term_string}\"},\"query-input\":{\"@type\":\"PropertyValueSpecification\",\"valueRequired\":true,\"valueName\":\"search_term_string\"}}],\"inLanguage\":\"pl-PL\"},{\"@type\":\"Organization\",\"@id\":\"https:\\\/\\\/landhaus-christmann.de\\\/pl\\\/#organization\",\"name\":\"Weingut & Brennerei Christmann\",\"url\":\"https:\\\/\\\/landhaus-christmann.de\\\/pl\\\/\",\"logo\":{\"@type\":\"ImageObject\",\"inLanguage\":\"pl-PL\",\"@id\":\"https:\\\/\\\/landhaus-christmann.de\\\/pl\\\/#\\\/schema\\\/logo\\\/image\\\/\",\"url\":\"https:\\\/\\\/landhaus-christmann.de\\\/wp-content\\\/uploads\\\/2021\\\/02\\\/christmann_wappen_gold_1x.png\",\"contentUrl\":\"https:\\\/\\\/landhaus-christmann.de\\\/wp-content\\\/uploads\\\/2021\\\/02\\\/christmann_wappen_gold_1x.png\",\"width\":100,\"height\":129,\"caption\":\"Weingut & Brennerei Christmann\"},\"image\":{\"@id\":\"https:\\\/\\\/landhaus-christmann.de\\\/pl\\\/#\\\/schema\\\/logo\\\/image\\\/\"},\"sameAs\":[\"https:\\\/\\\/www.facebook.com\\\/WeingutChristmann\",\"https:\\\/\\\/www.instagram.com\\\/wein.landhaus.christmann\\\/\"]}]}<\/script>\n<!-- \/ Yoast SEO plugin. -->","yoast_head_json":{"title":"Sektglas - Weingut Christmann","robots":{"index":"index","follow":"follow","max-snippet":"max-snippet:-1","max-image-preview":"max-image-preview:large","max-video-preview":"max-video-preview:-1"},"canonical":"https:\/\/landhaus-christmann.de\/pl\/produkt\/sektglas\/","og_locale":"pl_PL","og_type":"article","og_title":"Sektglas - Weingut Christmann","og_description":"RASTAL Sektglas\u00a0 In einem schlanken Sektglas von Rastal entfaltet der [...]","og_url":"https:\/\/landhaus-christmann.de\/pl\/produkt\/sektglas\/","og_site_name":"Weingut Christmann","article_publisher":"https:\/\/www.facebook.com\/WeingutChristmann","article_modified_time":"2026-03-25T08:08:28+00:00","og_image":[{"width":1333,"height":2000,"url":"https:\/\/landhaus-christmann.de\/wp-content\/uploads\/2021\/05\/weingut-christmann_glaeser_sektglas.jpg","type":"image\/jpeg"}],"twitter_card":"summary_large_image","twitter_misc":{"Szacowany czas czytania":"1 minuta"},"schema":{"@context":"https:\/\/schema.org","@graph":[{"@type":"WebPage","@id":"https:\/\/landhaus-christmann.de\/pl\/produkt\/sektglas\/","url":"https:\/\/landhaus-christmann.de\/pl\/produkt\/sektglas\/","name":"Sektglas - Weingut Christmann","isPartOf":{"@id":"https:\/\/landhaus-christmann.de\/pl\/#website"},"primaryImageOfPage":{"@id":"https:\/\/landhaus-christmann.de\/pl\/produkt\/sektglas\/#primaryimage"},"image":{"@id":"https:\/\/landhaus-christmann.de\/pl\/produkt\/sektglas\/#primaryimage"},"thumbnailUrl":"https:\/\/landhaus-christmann.de\/wp-content\/uploads\/2021\/05\/weingut-christmann_glaeser_sektglas.jpg","datePublished":"2021-05-05T09:40:02+00:00","dateModified":"2026-03-25T08:08:28+00:00","breadcrumb":{"@id":"https:\/\/landhaus-christmann.de\/pl\/produkt\/sektglas\/#breadcrumb"},"inLanguage":"pl-PL","potentialAction":[{"@type":"ReadAction","target":["https:\/\/landhaus-christmann.de\/pl\/produkt\/sektglas\/"]}]},{"@type":"ImageObject","inLanguage":"pl-PL","@id":"https:\/\/landhaus-christmann.de\/pl\/produkt\/sektglas\/#primaryimage","url":"https:\/\/landhaus-christmann.de\/wp-content\/uploads\/2021\/05\/weingut-christmann_glaeser_sektglas.jpg","contentUrl":"https:\/\/landhaus-christmann.de\/wp-content\/uploads\/2021\/05\/weingut-christmann_glaeser_sektglas.jpg","width":1333,"height":2000},{"@type":"BreadcrumbList","@id":"https:\/\/landhaus-christmann.de\/pl\/produkt\/sektglas\/#breadcrumb","itemListElement":[{"@type":"ListItem","position":1,"name":"Startseite","item":"https:\/\/landhaus-christmann.de\/pl\/strona-glowna\/"},{"@type":"ListItem","position":2,"name":"Sklep","item":"https:\/\/landhaus-christmann.de\/pl\/sklep\/"},{"@type":"ListItem","position":3,"name":"Sektglas"}]},{"@type":"WebSite","@id":"https:\/\/landhaus-christmann.de\/pl\/#website","url":"https:\/\/landhaus-christmann.de\/pl\/","name":"Weingut Christmann","description":"Weingut und Landhaus in St. Martin\/Pfalz","publisher":{"@id":"https:\/\/landhaus-christmann.de\/pl\/#organization"},"potentialAction":[{"@type":"SearchAction","target":{"@type":"EntryPoint","urlTemplate":"https:\/\/landhaus-christmann.de\/pl\/?s={search_term_string}"},"query-input":{"@type":"PropertyValueSpecification","valueRequired":true,"valueName":"search_term_string"}}],"inLanguage":"pl-PL"},{"@type":"Organization","@id":"https:\/\/landhaus-christmann.de\/pl\/#organization","name":"Weingut & Brennerei Christmann","url":"https:\/\/landhaus-christmann.de\/pl\/","logo":{"@type":"ImageObject","inLanguage":"pl-PL","@id":"https:\/\/landhaus-christmann.de\/pl\/#\/schema\/logo\/image\/","url":"https:\/\/landhaus-christmann.de\/wp-content\/uploads\/2021\/02\/christmann_wappen_gold_1x.png","contentUrl":"https:\/\/landhaus-christmann.de\/wp-content\/uploads\/2021\/02\/christmann_wappen_gold_1x.png","width":100,"height":129,"caption":"Weingut & Brennerei Christmann"},"image":{"@id":"https:\/\/landhaus-christmann.de\/pl\/#\/schema\/logo\/image\/"},"sameAs":["https:\/\/www.facebook.com\/WeingutChristmann","https:\/\/www.instagram.com\/wein.landhaus.christmann\/"]}]}},"_links":{"self":[{"href":"https:\/\/landhaus-christmann.de\/pl\/wp-json\/wp\/v2\/product\/971","targetHints":{"allow":["GET"]}}],"collection":[{"href":"https:\/\/landhaus-christmann.de\/pl\/wp-json\/wp\/v2\/product"}],"about":[{"href":"https:\/\/landhaus-christmann.de\/pl\/wp-json\/wp\/v2\/types\/product"}],"wp:featuredmedia":[{"embeddable":true,"href":"https:\/\/landhaus-christmann.de\/pl\/wp-json\/wp\/v2\/media\/974"}],"wp:attachment":[{"href":"https:\/\/landhaus-christmann.de\/pl\/wp-json\/wp\/v2\/media?parent=971"}],"wp:term":[{"taxonomy":"product_brand","embeddable":true,"href":"https:\/\/landhaus-christmann.de\/pl\/wp-json\/wp\/v2\/product_brand?post=971"},{"taxonomy":"product_cat","embeddable":true,"href":"https:\/\/landhaus-christmann.de\/pl\/wp-json\/wp\/v2\/product_cat?post=971"},{"taxonomy":"product_tag","embeddable":true,"href":"https:\/\/landhaus-christmann.de\/pl\/wp-json\/wp\/v2\/product_tag?post=971"}],"curies":[{"name":"wp","href":"https:\/\/api.w.org\/{rel}","templated":true}]}}