{"id":785,"date":"2021-04-13T12:00:58","date_gmt":"2021-04-13T10:00:58","guid":{"rendered":"https:\/\/landhaus-christmann.de\/?post_type=product&#038;p=785"},"modified":"2026-03-25T09:18:06","modified_gmt":"2026-03-25T08:18:06","slug":"st-martiner-riesling-senf","status":"publish","type":"product","link":"https:\/\/landhaus-christmann.de\/pl\/produkt\/st-martiner-riesling-senf\/","title":{"rendered":"St. Martiner Riesling-Senf"},"content":{"rendered":"<h2>Toms Senf &amp; Saucen<\/h2>\n<div><strong>Wie kommt man dazu Senf zu machen?\u00a0<\/strong><\/div>\n<div>Dies ist die Frage, die mir am h\u00e4ufigsten gestellt wird. \u00a0Im Grunde genommen begann alles im Sommer 2017. Unser Feigenbaum hatte wieder reichlich \u00dcberschuss produziert und ich \u00fcberlegte mir, was ich mit den Feigen anfangen k\u00f6nnte. So habe ich dann meinen ersten Senf &#8211; den Feigensenf kreiert. Diesen habe ich innerhalb meiner Familie und an Freunde verschenkt. Die positiven R\u00fcckmeldungen \u00fcber meinen ersten Senf haben mich motiviert neue Kreationen und Rezepte zu entwickeln. Gesagt, getan! In den n\u00e4chsten Monaten wurden die Geschmacksnerven meiner Freunde zahlreiche male auf die Probe gestellt. Ende 2018 war ich dann endlich so weit, dass ich mich entschloss meine Produkte f\u00fcr die \u00d6ffentlichkeit zug\u00e4nglich zu machen. Seit diesem Zeitpunkt gibt es offiziell Tom`s Senf &amp; Saucen. Kontinuierlich habe ich weiter Rezepte entwickelt und mir einen kleinen Vertriebsweg aufgebaut. Meinem Grundsatz &#8211; klein aber fein &#8211; bleibe ich treu, deshalb ist mein Senf nur lokal und bei ausgesuchten Partnern sowie auf Bestellung per E-mail m\u00f6glich.<\/div>\n<div><\/div>\n<div><strong>\u00dcber meine Senfe<\/strong><\/div>\n<div>Meine klassischen Senfe werden alle ohne Farbstoffe, Konservierungsstoffe oder sonstige k\u00fcnstliche Zusatzstoffe hergestellt. Die Senfk\u00f6rner werden fein geschrotet. Nachdem Wasser und weitere Zutaten hinzugegeben wurden, muss die Mischung maischen. Je nach Geschmacksrichtung und Sorte werden dem Senf die unterschiedlichsten Zutaten beigemengt \u2013 von Kr\u00e4utern \u00fcber Gew\u00fcrze und Honig bis hin zum Riesling. Anschlie\u00dfend wird der fertige Senf zum reifen per Hand in Gl\u00e4ser gef\u00fcllt. Meine Chargen-Gr\u00f6\u00dfe pro Rezept bel\u00e4uft sich auf 50-70 Gl\u00e4ser. Somit ist immer eine 100% Frische garantiert.<\/div>\n","protected":false},"excerpt":{"rendered":"<p>Toms Senf &amp; Saucen Wie kommt man dazu Senf zu <a href=\"https:\/\/landhaus-christmann.de\/pl\/produkt\/st-martiner-riesling-senf\/\"> [&#8230;]<\/a><\/p>\n","protected":false},"featured_media":786,"template":"","meta":{"_price":"4.50","_stock":"","_tribe_ticket_header":"","_tribe_default_ticket_provider":"","_tribe_ticket_capacity":"1","_ticket_start_date":"","_ticket_end_date":"","_tribe_ticket_show_description":"","_tribe_ticket_show_not_going":false,"_tribe_ticket_use_global_stock":"","_tribe_ticket_global_stock_level":"","_global_stock_mode":"","_global_stock_cap":"","_tribe_rsvp_for_event":"","_tribe_ticket_going_count":"","_tribe_ticket_not_going_count":"","_tribe_tickets_list":"[]","_tribe_ticket_has_attendee_info_fields":false},"product_brand":[],"product_cat":[142],"product_tag":[157,152],"class_list":{"0":"post-785","1":"product","2":"type-product","3":"status-publish","4":"has-post-thumbnail","6":"product_cat-weingut-artikel","7":"product_tag-riesling","8":"product_tag-senf","10":"first","11":"instock","12":"taxable","13":"shipping-taxable","14":"purchasable","15":"product-type-simple"},"yoast_head":"<!-- This site is optimized with the Yoast SEO plugin v27.5 - https:\/\/yoast.com\/product\/yoast-seo-wordpress\/ -->\n<title>St. Martiner Riesling-Senf - Weingut Christmann<\/title>\n<meta name=\"robots\" content=\"index, follow, max-snippet:-1, max-image-preview:large, max-video-preview:-1\" \/>\n<link rel=\"canonical\" href=\"https:\/\/landhaus-christmann.de\/pl\/produkt\/st-martiner-riesling-senf\/\" \/>\n<meta property=\"og:locale\" content=\"pl_PL\" \/>\n<meta property=\"og:type\" content=\"article\" \/>\n<meta property=\"og:title\" content=\"St. Martiner Riesling-Senf - Weingut Christmann\" \/>\n<meta property=\"og:description\" content=\"Toms Senf &amp; Saucen Wie kommt man dazu Senf zu [...]\" \/>\n<meta property=\"og:url\" content=\"https:\/\/landhaus-christmann.de\/pl\/produkt\/st-martiner-riesling-senf\/\" \/>\n<meta property=\"og:site_name\" content=\"Weingut Christmann\" \/>\n<meta property=\"article:publisher\" content=\"https:\/\/www.facebook.com\/WeingutChristmann\" \/>\n<meta property=\"article:modified_time\" content=\"2026-03-25T08:18:06+00:00\" \/>\n<meta property=\"og:image\" content=\"https:\/\/landhaus-christmann.de\/wp-content\/uploads\/2021\/04\/weingut_christmann_senf_riesling-senf.jpg\" \/>\n\t<meta property=\"og:image:width\" content=\"1200\" \/>\n\t<meta property=\"og:image:height\" content=\"800\" \/>\n\t<meta property=\"og:image:type\" content=\"image\/jpeg\" \/>\n<meta name=\"twitter:card\" content=\"summary_large_image\" \/>\n<meta name=\"twitter:label1\" content=\"Szacowany czas czytania\" \/>\n\t<meta name=\"twitter:data1\" content=\"1 minuta\" \/>\n<script type=\"application\/ld+json\" class=\"yoast-schema-graph\">{\"@context\":\"https:\\\/\\\/schema.org\",\"@graph\":[{\"@type\":\"WebPage\",\"@id\":\"https:\\\/\\\/landhaus-christmann.de\\\/pl\\\/produkt\\\/st-martiner-riesling-senf\\\/\",\"url\":\"https:\\\/\\\/landhaus-christmann.de\\\/pl\\\/produkt\\\/st-martiner-riesling-senf\\\/\",\"name\":\"St. Martiner Riesling-Senf - Weingut Christmann\",\"isPartOf\":{\"@id\":\"https:\\\/\\\/landhaus-christmann.de\\\/pl\\\/#website\"},\"primaryImageOfPage\":{\"@id\":\"https:\\\/\\\/landhaus-christmann.de\\\/pl\\\/produkt\\\/st-martiner-riesling-senf\\\/#primaryimage\"},\"image\":{\"@id\":\"https:\\\/\\\/landhaus-christmann.de\\\/pl\\\/produkt\\\/st-martiner-riesling-senf\\\/#primaryimage\"},\"thumbnailUrl\":\"https:\\\/\\\/landhaus-christmann.de\\\/wp-content\\\/uploads\\\/2021\\\/04\\\/weingut_christmann_senf_riesling-senf.jpg\",\"datePublished\":\"2021-04-13T10:00:58+00:00\",\"dateModified\":\"2026-03-25T08:18:06+00:00\",\"breadcrumb\":{\"@id\":\"https:\\\/\\\/landhaus-christmann.de\\\/pl\\\/produkt\\\/st-martiner-riesling-senf\\\/#breadcrumb\"},\"inLanguage\":\"pl-PL\",\"potentialAction\":[{\"@type\":\"ReadAction\",\"target\":[\"https:\\\/\\\/landhaus-christmann.de\\\/pl\\\/produkt\\\/st-martiner-riesling-senf\\\/\"]}]},{\"@type\":\"ImageObject\",\"inLanguage\":\"pl-PL\",\"@id\":\"https:\\\/\\\/landhaus-christmann.de\\\/pl\\\/produkt\\\/st-martiner-riesling-senf\\\/#primaryimage\",\"url\":\"https:\\\/\\\/landhaus-christmann.de\\\/wp-content\\\/uploads\\\/2021\\\/04\\\/weingut_christmann_senf_riesling-senf.jpg\",\"contentUrl\":\"https:\\\/\\\/landhaus-christmann.de\\\/wp-content\\\/uploads\\\/2021\\\/04\\\/weingut_christmann_senf_riesling-senf.jpg\",\"width\":1200,\"height\":800},{\"@type\":\"BreadcrumbList\",\"@id\":\"https:\\\/\\\/landhaus-christmann.de\\\/pl\\\/produkt\\\/st-martiner-riesling-senf\\\/#breadcrumb\",\"itemListElement\":[{\"@type\":\"ListItem\",\"position\":1,\"name\":\"Startseite\",\"item\":\"https:\\\/\\\/landhaus-christmann.de\\\/pl\\\/strona-glowna\\\/\"},{\"@type\":\"ListItem\",\"position\":2,\"name\":\"Sklep\",\"item\":\"https:\\\/\\\/landhaus-christmann.de\\\/pl\\\/sklep\\\/\"},{\"@type\":\"ListItem\",\"position\":3,\"name\":\"St. Martiner Riesling-Senf\"}]},{\"@type\":\"WebSite\",\"@id\":\"https:\\\/\\\/landhaus-christmann.de\\\/pl\\\/#website\",\"url\":\"https:\\\/\\\/landhaus-christmann.de\\\/pl\\\/\",\"name\":\"Weingut Christmann\",\"description\":\"Weingut und Landhaus in St. Martin\\\/Pfalz\",\"publisher\":{\"@id\":\"https:\\\/\\\/landhaus-christmann.de\\\/pl\\\/#organization\"},\"potentialAction\":[{\"@type\":\"SearchAction\",\"target\":{\"@type\":\"EntryPoint\",\"urlTemplate\":\"https:\\\/\\\/landhaus-christmann.de\\\/pl\\\/?s={search_term_string}\"},\"query-input\":{\"@type\":\"PropertyValueSpecification\",\"valueRequired\":true,\"valueName\":\"search_term_string\"}}],\"inLanguage\":\"pl-PL\"},{\"@type\":\"Organization\",\"@id\":\"https:\\\/\\\/landhaus-christmann.de\\\/pl\\\/#organization\",\"name\":\"Weingut & Brennerei Christmann\",\"url\":\"https:\\\/\\\/landhaus-christmann.de\\\/pl\\\/\",\"logo\":{\"@type\":\"ImageObject\",\"inLanguage\":\"pl-PL\",\"@id\":\"https:\\\/\\\/landhaus-christmann.de\\\/pl\\\/#\\\/schema\\\/logo\\\/image\\\/\",\"url\":\"https:\\\/\\\/landhaus-christmann.de\\\/wp-content\\\/uploads\\\/2021\\\/02\\\/christmann_wappen_gold_1x.png\",\"contentUrl\":\"https:\\\/\\\/landhaus-christmann.de\\\/wp-content\\\/uploads\\\/2021\\\/02\\\/christmann_wappen_gold_1x.png\",\"width\":100,\"height\":129,\"caption\":\"Weingut & Brennerei Christmann\"},\"image\":{\"@id\":\"https:\\\/\\\/landhaus-christmann.de\\\/pl\\\/#\\\/schema\\\/logo\\\/image\\\/\"},\"sameAs\":[\"https:\\\/\\\/www.facebook.com\\\/WeingutChristmann\",\"https:\\\/\\\/www.instagram.com\\\/wein.landhaus.christmann\\\/\"]}]}<\/script>\n<!-- \/ Yoast SEO plugin. -->","yoast_head_json":{"title":"St. Martiner Riesling-Senf - Weingut Christmann","robots":{"index":"index","follow":"follow","max-snippet":"max-snippet:-1","max-image-preview":"max-image-preview:large","max-video-preview":"max-video-preview:-1"},"canonical":"https:\/\/landhaus-christmann.de\/pl\/produkt\/st-martiner-riesling-senf\/","og_locale":"pl_PL","og_type":"article","og_title":"St. Martiner Riesling-Senf - Weingut Christmann","og_description":"Toms Senf &amp; Saucen Wie kommt man dazu Senf zu [...]","og_url":"https:\/\/landhaus-christmann.de\/pl\/produkt\/st-martiner-riesling-senf\/","og_site_name":"Weingut Christmann","article_publisher":"https:\/\/www.facebook.com\/WeingutChristmann","article_modified_time":"2026-03-25T08:18:06+00:00","og_image":[{"width":1200,"height":800,"url":"https:\/\/landhaus-christmann.de\/wp-content\/uploads\/2021\/04\/weingut_christmann_senf_riesling-senf.jpg","type":"image\/jpeg"}],"twitter_card":"summary_large_image","twitter_misc":{"Szacowany czas czytania":"1 minuta"},"schema":{"@context":"https:\/\/schema.org","@graph":[{"@type":"WebPage","@id":"https:\/\/landhaus-christmann.de\/pl\/produkt\/st-martiner-riesling-senf\/","url":"https:\/\/landhaus-christmann.de\/pl\/produkt\/st-martiner-riesling-senf\/","name":"St. Martiner Riesling-Senf - Weingut Christmann","isPartOf":{"@id":"https:\/\/landhaus-christmann.de\/pl\/#website"},"primaryImageOfPage":{"@id":"https:\/\/landhaus-christmann.de\/pl\/produkt\/st-martiner-riesling-senf\/#primaryimage"},"image":{"@id":"https:\/\/landhaus-christmann.de\/pl\/produkt\/st-martiner-riesling-senf\/#primaryimage"},"thumbnailUrl":"https:\/\/landhaus-christmann.de\/wp-content\/uploads\/2021\/04\/weingut_christmann_senf_riesling-senf.jpg","datePublished":"2021-04-13T10:00:58+00:00","dateModified":"2026-03-25T08:18:06+00:00","breadcrumb":{"@id":"https:\/\/landhaus-christmann.de\/pl\/produkt\/st-martiner-riesling-senf\/#breadcrumb"},"inLanguage":"pl-PL","potentialAction":[{"@type":"ReadAction","target":["https:\/\/landhaus-christmann.de\/pl\/produkt\/st-martiner-riesling-senf\/"]}]},{"@type":"ImageObject","inLanguage":"pl-PL","@id":"https:\/\/landhaus-christmann.de\/pl\/produkt\/st-martiner-riesling-senf\/#primaryimage","url":"https:\/\/landhaus-christmann.de\/wp-content\/uploads\/2021\/04\/weingut_christmann_senf_riesling-senf.jpg","contentUrl":"https:\/\/landhaus-christmann.de\/wp-content\/uploads\/2021\/04\/weingut_christmann_senf_riesling-senf.jpg","width":1200,"height":800},{"@type":"BreadcrumbList","@id":"https:\/\/landhaus-christmann.de\/pl\/produkt\/st-martiner-riesling-senf\/#breadcrumb","itemListElement":[{"@type":"ListItem","position":1,"name":"Startseite","item":"https:\/\/landhaus-christmann.de\/pl\/strona-glowna\/"},{"@type":"ListItem","position":2,"name":"Sklep","item":"https:\/\/landhaus-christmann.de\/pl\/sklep\/"},{"@type":"ListItem","position":3,"name":"St. Martiner Riesling-Senf"}]},{"@type":"WebSite","@id":"https:\/\/landhaus-christmann.de\/pl\/#website","url":"https:\/\/landhaus-christmann.de\/pl\/","name":"Weingut Christmann","description":"Weingut und Landhaus in St. Martin\/Pfalz","publisher":{"@id":"https:\/\/landhaus-christmann.de\/pl\/#organization"},"potentialAction":[{"@type":"SearchAction","target":{"@type":"EntryPoint","urlTemplate":"https:\/\/landhaus-christmann.de\/pl\/?s={search_term_string}"},"query-input":{"@type":"PropertyValueSpecification","valueRequired":true,"valueName":"search_term_string"}}],"inLanguage":"pl-PL"},{"@type":"Organization","@id":"https:\/\/landhaus-christmann.de\/pl\/#organization","name":"Weingut & Brennerei Christmann","url":"https:\/\/landhaus-christmann.de\/pl\/","logo":{"@type":"ImageObject","inLanguage":"pl-PL","@id":"https:\/\/landhaus-christmann.de\/pl\/#\/schema\/logo\/image\/","url":"https:\/\/landhaus-christmann.de\/wp-content\/uploads\/2021\/02\/christmann_wappen_gold_1x.png","contentUrl":"https:\/\/landhaus-christmann.de\/wp-content\/uploads\/2021\/02\/christmann_wappen_gold_1x.png","width":100,"height":129,"caption":"Weingut & Brennerei Christmann"},"image":{"@id":"https:\/\/landhaus-christmann.de\/pl\/#\/schema\/logo\/image\/"},"sameAs":["https:\/\/www.facebook.com\/WeingutChristmann","https:\/\/www.instagram.com\/wein.landhaus.christmann\/"]}]}},"_links":{"self":[{"href":"https:\/\/landhaus-christmann.de\/pl\/wp-json\/wp\/v2\/product\/785","targetHints":{"allow":["GET"]}}],"collection":[{"href":"https:\/\/landhaus-christmann.de\/pl\/wp-json\/wp\/v2\/product"}],"about":[{"href":"https:\/\/landhaus-christmann.de\/pl\/wp-json\/wp\/v2\/types\/product"}],"wp:featuredmedia":[{"embeddable":true,"href":"https:\/\/landhaus-christmann.de\/pl\/wp-json\/wp\/v2\/media\/786"}],"wp:attachment":[{"href":"https:\/\/landhaus-christmann.de\/pl\/wp-json\/wp\/v2\/media?parent=785"}],"wp:term":[{"taxonomy":"product_brand","embeddable":true,"href":"https:\/\/landhaus-christmann.de\/pl\/wp-json\/wp\/v2\/product_brand?post=785"},{"taxonomy":"product_cat","embeddable":true,"href":"https:\/\/landhaus-christmann.de\/pl\/wp-json\/wp\/v2\/product_cat?post=785"},{"taxonomy":"product_tag","embeddable":true,"href":"https:\/\/landhaus-christmann.de\/pl\/wp-json\/wp\/v2\/product_tag?post=785"}],"curies":[{"name":"wp","href":"https:\/\/api.w.org\/{rel}","templated":true}]}}