{"id":492,"date":"2021-03-11T15:50:03","date_gmt":"2021-03-11T14:50:03","guid":{"rendered":"https:\/\/landhaus-christmann.de\/?post_type=product&#038;p=492"},"modified":"2026-03-25T09:20:12","modified_gmt":"2026-03-25T08:20:12","slug":"eierkirsch-likoer","status":"publish","type":"product","link":"https:\/\/landhaus-christmann.de\/pl\/produkt\/eierkirsch-likoer\/","title":{"rendered":"Eierkirsch-Lik\u00f6r"},"content":{"rendered":"<p data-start=\"86\" data-end=\"129\"><strong data-start=\"86\" data-end=\"127\">Eierlik\u00f6r mit Kirschwasser \u2013 22\u202f% vol<\/strong><\/p>\n<p data-start=\"131\" data-end=\"454\">Ein cremiger, vollmundiger Eierlik\u00f6r mit verf\u00fchrerischer Vanillenote, der durch die feine Veredelung mit Kirschwasser eine elegante, fruchtige Nuance erh\u00e4lt. Die harmonische S\u00fc\u00dfe und das samtige Mundgef\u00fchl verbinden sich perfekt mit der dezenten Kirsch-Aromatik und sorgen f\u00fcr ein rundes, ausgewogenes Geschmackserlebnis.<\/p>\n<p data-start=\"456\" data-end=\"571\">Ideal pur, zu Desserts oder auf Eis \u2013 ein Genuss f\u00fcr alle, die cremige Lik\u00f6re mit einer feinen Fruchtnote lieben.<\/p>\n","protected":false},"excerpt":{"rendered":"<p>Eierlik\u00f6r mit Kirschwasser \u2013 22\u202f% vol Ein cremiger, vollmundiger Eierlik\u00f6r <a href=\"https:\/\/landhaus-christmann.de\/pl\/produkt\/eierkirsch-likoer\/\"> [&#8230;]<\/a><\/p>\n","protected":false},"featured_media":704,"template":"","meta":{"_price":"16.50","_stock":"","_tribe_ticket_header":"","_tribe_default_ticket_provider":"","_tribe_ticket_capacity":"3","_ticket_start_date":"","_ticket_end_date":"","_tribe_ticket_show_description":"","_tribe_ticket_show_not_going":false,"_tribe_ticket_use_global_stock":"","_tribe_ticket_global_stock_level":"","_global_stock_mode":"","_global_stock_cap":"","_tribe_rsvp_for_event":"","_tribe_ticket_going_count":"","_tribe_ticket_not_going_count":"","_tribe_tickets_list":"[]","_tribe_ticket_has_attendee_info_fields":false},"product_brand":[],"product_cat":[106,107],"product_tag":[394,393,395],"class_list":{"0":"post-492","1":"product","2":"type-product","3":"status-publish","4":"has-post-thumbnail","6":"product_cat-braende","7":"product_cat-likoer","8":"product_tag-eierkischlikoer","9":"product_tag-eierlikoer","10":"product_tag-likoer","12":"first","13":"instock","14":"taxable","15":"shipping-taxable","16":"purchasable","17":"product-type-simple"},"yoast_head":"<!-- This site is optimized with the Yoast SEO plugin v27.4 - https:\/\/yoast.com\/product\/yoast-seo-wordpress\/ -->\n<title>Eierkirsch-Lik\u00f6r - Weingut Christmann<\/title>\n<meta name=\"robots\" content=\"index, follow, max-snippet:-1, max-image-preview:large, max-video-preview:-1\" \/>\n<link rel=\"canonical\" href=\"https:\/\/landhaus-christmann.de\/pl\/produkt\/eierkirsch-likoer\/\" \/>\n<meta property=\"og:locale\" content=\"pl_PL\" \/>\n<meta property=\"og:type\" content=\"article\" \/>\n<meta property=\"og:title\" content=\"Eierkirsch-Lik\u00f6r - Weingut Christmann\" \/>\n<meta property=\"og:description\" content=\"Eierlik\u00f6r mit Kirschwasser \u2013 22\u202f% vol Ein cremiger, vollmundiger Eierlik\u00f6r [...]\" \/>\n<meta property=\"og:url\" content=\"https:\/\/landhaus-christmann.de\/pl\/produkt\/eierkirsch-likoer\/\" \/>\n<meta property=\"og:site_name\" content=\"Weingut Christmann\" \/>\n<meta property=\"article:publisher\" content=\"https:\/\/www.facebook.com\/WeingutChristmann\" \/>\n<meta property=\"article:modified_time\" content=\"2026-03-25T08:20:12+00:00\" \/>\n<meta property=\"og:image\" content=\"https:\/\/landhaus-christmann.de\/wp-content\/uploads\/2021\/03\/weingut_christmann_likoer_eierkirsch.jpg\" \/>\n\t<meta property=\"og:image:width\" content=\"800\" \/>\n\t<meta property=\"og:image:height\" content=\"1200\" \/>\n\t<meta property=\"og:image:type\" content=\"image\/jpeg\" \/>\n<meta name=\"twitter:card\" content=\"summary_large_image\" \/>\n<meta name=\"twitter:label1\" content=\"Szacowany czas czytania\" \/>\n\t<meta name=\"twitter:data1\" content=\"1 minuta\" \/>\n<script type=\"application\/ld+json\" class=\"yoast-schema-graph\">{\"@context\":\"https:\\\/\\\/schema.org\",\"@graph\":[{\"@type\":\"WebPage\",\"@id\":\"https:\\\/\\\/landhaus-christmann.de\\\/pl\\\/produkt\\\/eierkirsch-likoer\\\/\",\"url\":\"https:\\\/\\\/landhaus-christmann.de\\\/pl\\\/produkt\\\/eierkirsch-likoer\\\/\",\"name\":\"Eierkirsch-Lik\u00f6r - Weingut Christmann\",\"isPartOf\":{\"@id\":\"https:\\\/\\\/landhaus-christmann.de\\\/pl\\\/#website\"},\"primaryImageOfPage\":{\"@id\":\"https:\\\/\\\/landhaus-christmann.de\\\/pl\\\/produkt\\\/eierkirsch-likoer\\\/#primaryimage\"},\"image\":{\"@id\":\"https:\\\/\\\/landhaus-christmann.de\\\/pl\\\/produkt\\\/eierkirsch-likoer\\\/#primaryimage\"},\"thumbnailUrl\":\"https:\\\/\\\/landhaus-christmann.de\\\/wp-content\\\/uploads\\\/2021\\\/03\\\/weingut_christmann_likoer_eierkirsch.jpg\",\"datePublished\":\"2021-03-11T14:50:03+00:00\",\"dateModified\":\"2026-03-25T08:20:12+00:00\",\"breadcrumb\":{\"@id\":\"https:\\\/\\\/landhaus-christmann.de\\\/pl\\\/produkt\\\/eierkirsch-likoer\\\/#breadcrumb\"},\"inLanguage\":\"pl-PL\",\"potentialAction\":[{\"@type\":\"ReadAction\",\"target\":[\"https:\\\/\\\/landhaus-christmann.de\\\/pl\\\/produkt\\\/eierkirsch-likoer\\\/\"]}]},{\"@type\":\"ImageObject\",\"inLanguage\":\"pl-PL\",\"@id\":\"https:\\\/\\\/landhaus-christmann.de\\\/pl\\\/produkt\\\/eierkirsch-likoer\\\/#primaryimage\",\"url\":\"https:\\\/\\\/landhaus-christmann.de\\\/wp-content\\\/uploads\\\/2021\\\/03\\\/weingut_christmann_likoer_eierkirsch.jpg\",\"contentUrl\":\"https:\\\/\\\/landhaus-christmann.de\\\/wp-content\\\/uploads\\\/2021\\\/03\\\/weingut_christmann_likoer_eierkirsch.jpg\",\"width\":800,\"height\":1200},{\"@type\":\"BreadcrumbList\",\"@id\":\"https:\\\/\\\/landhaus-christmann.de\\\/pl\\\/produkt\\\/eierkirsch-likoer\\\/#breadcrumb\",\"itemListElement\":[{\"@type\":\"ListItem\",\"position\":1,\"name\":\"Startseite\",\"item\":\"https:\\\/\\\/landhaus-christmann.de\\\/pl\\\/strona-glowna\\\/\"},{\"@type\":\"ListItem\",\"position\":2,\"name\":\"Sklep\",\"item\":\"https:\\\/\\\/landhaus-christmann.de\\\/pl\\\/sklep\\\/\"},{\"@type\":\"ListItem\",\"position\":3,\"name\":\"Eierkirsch-Lik\u00f6r\"}]},{\"@type\":\"WebSite\",\"@id\":\"https:\\\/\\\/landhaus-christmann.de\\\/pl\\\/#website\",\"url\":\"https:\\\/\\\/landhaus-christmann.de\\\/pl\\\/\",\"name\":\"Weingut Christmann\",\"description\":\"Weingut und Landhaus in St. Martin\\\/Pfalz\",\"publisher\":{\"@id\":\"https:\\\/\\\/landhaus-christmann.de\\\/pl\\\/#organization\"},\"potentialAction\":[{\"@type\":\"SearchAction\",\"target\":{\"@type\":\"EntryPoint\",\"urlTemplate\":\"https:\\\/\\\/landhaus-christmann.de\\\/pl\\\/?s={search_term_string}\"},\"query-input\":{\"@type\":\"PropertyValueSpecification\",\"valueRequired\":true,\"valueName\":\"search_term_string\"}}],\"inLanguage\":\"pl-PL\"},{\"@type\":\"Organization\",\"@id\":\"https:\\\/\\\/landhaus-christmann.de\\\/pl\\\/#organization\",\"name\":\"Weingut & Brennerei Christmann\",\"url\":\"https:\\\/\\\/landhaus-christmann.de\\\/pl\\\/\",\"logo\":{\"@type\":\"ImageObject\",\"inLanguage\":\"pl-PL\",\"@id\":\"https:\\\/\\\/landhaus-christmann.de\\\/pl\\\/#\\\/schema\\\/logo\\\/image\\\/\",\"url\":\"https:\\\/\\\/landhaus-christmann.de\\\/wp-content\\\/uploads\\\/2021\\\/02\\\/christmann_wappen_gold_1x.png\",\"contentUrl\":\"https:\\\/\\\/landhaus-christmann.de\\\/wp-content\\\/uploads\\\/2021\\\/02\\\/christmann_wappen_gold_1x.png\",\"width\":100,\"height\":129,\"caption\":\"Weingut & Brennerei Christmann\"},\"image\":{\"@id\":\"https:\\\/\\\/landhaus-christmann.de\\\/pl\\\/#\\\/schema\\\/logo\\\/image\\\/\"},\"sameAs\":[\"https:\\\/\\\/www.facebook.com\\\/WeingutChristmann\",\"https:\\\/\\\/www.instagram.com\\\/wein.landhaus.christmann\\\/\"]}]}<\/script>\n<!-- \/ Yoast SEO plugin. -->","yoast_head_json":{"title":"Eierkirsch-Lik\u00f6r - Weingut Christmann","robots":{"index":"index","follow":"follow","max-snippet":"max-snippet:-1","max-image-preview":"max-image-preview:large","max-video-preview":"max-video-preview:-1"},"canonical":"https:\/\/landhaus-christmann.de\/pl\/produkt\/eierkirsch-likoer\/","og_locale":"pl_PL","og_type":"article","og_title":"Eierkirsch-Lik\u00f6r - Weingut Christmann","og_description":"Eierlik\u00f6r mit Kirschwasser \u2013 22\u202f% vol Ein cremiger, vollmundiger Eierlik\u00f6r [...]","og_url":"https:\/\/landhaus-christmann.de\/pl\/produkt\/eierkirsch-likoer\/","og_site_name":"Weingut Christmann","article_publisher":"https:\/\/www.facebook.com\/WeingutChristmann","article_modified_time":"2026-03-25T08:20:12+00:00","og_image":[{"width":800,"height":1200,"url":"https:\/\/landhaus-christmann.de\/wp-content\/uploads\/2021\/03\/weingut_christmann_likoer_eierkirsch.jpg","type":"image\/jpeg"}],"twitter_card":"summary_large_image","twitter_misc":{"Szacowany czas czytania":"1 minuta"},"schema":{"@context":"https:\/\/schema.org","@graph":[{"@type":"WebPage","@id":"https:\/\/landhaus-christmann.de\/pl\/produkt\/eierkirsch-likoer\/","url":"https:\/\/landhaus-christmann.de\/pl\/produkt\/eierkirsch-likoer\/","name":"Eierkirsch-Lik\u00f6r - Weingut Christmann","isPartOf":{"@id":"https:\/\/landhaus-christmann.de\/pl\/#website"},"primaryImageOfPage":{"@id":"https:\/\/landhaus-christmann.de\/pl\/produkt\/eierkirsch-likoer\/#primaryimage"},"image":{"@id":"https:\/\/landhaus-christmann.de\/pl\/produkt\/eierkirsch-likoer\/#primaryimage"},"thumbnailUrl":"https:\/\/landhaus-christmann.de\/wp-content\/uploads\/2021\/03\/weingut_christmann_likoer_eierkirsch.jpg","datePublished":"2021-03-11T14:50:03+00:00","dateModified":"2026-03-25T08:20:12+00:00","breadcrumb":{"@id":"https:\/\/landhaus-christmann.de\/pl\/produkt\/eierkirsch-likoer\/#breadcrumb"},"inLanguage":"pl-PL","potentialAction":[{"@type":"ReadAction","target":["https:\/\/landhaus-christmann.de\/pl\/produkt\/eierkirsch-likoer\/"]}]},{"@type":"ImageObject","inLanguage":"pl-PL","@id":"https:\/\/landhaus-christmann.de\/pl\/produkt\/eierkirsch-likoer\/#primaryimage","url":"https:\/\/landhaus-christmann.de\/wp-content\/uploads\/2021\/03\/weingut_christmann_likoer_eierkirsch.jpg","contentUrl":"https:\/\/landhaus-christmann.de\/wp-content\/uploads\/2021\/03\/weingut_christmann_likoer_eierkirsch.jpg","width":800,"height":1200},{"@type":"BreadcrumbList","@id":"https:\/\/landhaus-christmann.de\/pl\/produkt\/eierkirsch-likoer\/#breadcrumb","itemListElement":[{"@type":"ListItem","position":1,"name":"Startseite","item":"https:\/\/landhaus-christmann.de\/pl\/strona-glowna\/"},{"@type":"ListItem","position":2,"name":"Sklep","item":"https:\/\/landhaus-christmann.de\/pl\/sklep\/"},{"@type":"ListItem","position":3,"name":"Eierkirsch-Lik\u00f6r"}]},{"@type":"WebSite","@id":"https:\/\/landhaus-christmann.de\/pl\/#website","url":"https:\/\/landhaus-christmann.de\/pl\/","name":"Weingut Christmann","description":"Weingut und Landhaus in St. Martin\/Pfalz","publisher":{"@id":"https:\/\/landhaus-christmann.de\/pl\/#organization"},"potentialAction":[{"@type":"SearchAction","target":{"@type":"EntryPoint","urlTemplate":"https:\/\/landhaus-christmann.de\/pl\/?s={search_term_string}"},"query-input":{"@type":"PropertyValueSpecification","valueRequired":true,"valueName":"search_term_string"}}],"inLanguage":"pl-PL"},{"@type":"Organization","@id":"https:\/\/landhaus-christmann.de\/pl\/#organization","name":"Weingut & Brennerei Christmann","url":"https:\/\/landhaus-christmann.de\/pl\/","logo":{"@type":"ImageObject","inLanguage":"pl-PL","@id":"https:\/\/landhaus-christmann.de\/pl\/#\/schema\/logo\/image\/","url":"https:\/\/landhaus-christmann.de\/wp-content\/uploads\/2021\/02\/christmann_wappen_gold_1x.png","contentUrl":"https:\/\/landhaus-christmann.de\/wp-content\/uploads\/2021\/02\/christmann_wappen_gold_1x.png","width":100,"height":129,"caption":"Weingut & Brennerei Christmann"},"image":{"@id":"https:\/\/landhaus-christmann.de\/pl\/#\/schema\/logo\/image\/"},"sameAs":["https:\/\/www.facebook.com\/WeingutChristmann","https:\/\/www.instagram.com\/wein.landhaus.christmann\/"]}]}},"_links":{"self":[{"href":"https:\/\/landhaus-christmann.de\/pl\/wp-json\/wp\/v2\/product\/492","targetHints":{"allow":["GET"]}}],"collection":[{"href":"https:\/\/landhaus-christmann.de\/pl\/wp-json\/wp\/v2\/product"}],"about":[{"href":"https:\/\/landhaus-christmann.de\/pl\/wp-json\/wp\/v2\/types\/product"}],"wp:featuredmedia":[{"embeddable":true,"href":"https:\/\/landhaus-christmann.de\/pl\/wp-json\/wp\/v2\/media\/704"}],"wp:attachment":[{"href":"https:\/\/landhaus-christmann.de\/pl\/wp-json\/wp\/v2\/media?parent=492"}],"wp:term":[{"taxonomy":"product_brand","embeddable":true,"href":"https:\/\/landhaus-christmann.de\/pl\/wp-json\/wp\/v2\/product_brand?post=492"},{"taxonomy":"product_cat","embeddable":true,"href":"https:\/\/landhaus-christmann.de\/pl\/wp-json\/wp\/v2\/product_cat?post=492"},{"taxonomy":"product_tag","embeddable":true,"href":"https:\/\/landhaus-christmann.de\/pl\/wp-json\/wp\/v2\/product_tag?post=492"}],"curies":[{"name":"wp","href":"https:\/\/api.w.org\/{rel}","templated":true}]}}