{"id":461,"date":"2021-03-11T14:22:39","date_gmt":"2021-03-11T13:22:39","guid":{"rendered":"https:\/\/landhaus-christmann.de\/?post_type=product&#038;p=461"},"modified":"2025-08-21T09:39:29","modified_gmt":"2025-08-21T07:39:29","slug":"grauburgunder-grosses-holz-trocken","status":"publish","type":"product","link":"https:\/\/landhaus-christmann.de\/pl\/produkt\/grauburgunder-grosses-holz-trocken\/","title":{"rendered":"Grauburgunder \u201eGro\u00dfes Holz\u201c trocken"},"content":{"rendered":"<h3 data-start=\"141\" data-end=\"217\"><strong data-start=\"145\" data-end=\"215\">Grauburgunder \u201eGro\u00dfes Holz\u201c trocken \u2013 Rebenherzweine (black label)<\/strong><\/h3>\n<p data-start=\"219\" data-end=\"451\">Der <strong data-start=\"223\" data-end=\"262\">Grauburgunder \u201eGro\u00dfes Holz\u201c trocken<\/strong> aus unserer Linie <strong data-start=\"281\" data-end=\"313\">Rebenherzweine \u2013 black label<\/strong><\/p>\n<p data-start=\"219\" data-end=\"451\">wird im <strong data-start=\"322\" data-end=\"378\">2.660 l gro\u00dfen Doppelst\u00fcck-Holzfass spontan vergoren<\/strong>.<\/p>\n<p data-start=\"219\" data-end=\"451\">Dadurch entfaltet er eine unverf\u00e4lschte Aromatik und besondere Tiefe.<\/p>\n<p data-start=\"453\" data-end=\"729\">In der Nase zeigen sich <strong data-start=\"477\" data-end=\"514\">reife Birne und saftiger Pfirsich<\/strong>, begleitet von feinen nussigen Ankl\u00e4ngen und einer dezenten Holznote. Am Gaumen \u00fcberzeugt er mit <strong data-start=\"612\" data-end=\"681\">sehr cremiger Textur, elegantem Schmelz und harmonischer Struktur<\/strong>. Der Abgang ist lang, rund und charaktervoll.<\/p>\n<p data-start=\"731\" data-end=\"991\"><strong data-start=\"731\" data-end=\"752\">Speiseempfehlung:<\/strong><br data-start=\"752\" data-end=\"755\" \/>Ein vielseitiger Begleiter zu <strong data-start=\"785\" data-end=\"897\">Gefl\u00fcgel, hellem Fleisch, cremigen Pastagerichten, Pilzgerichten oder dezent gew\u00fcrzten vegetarischen Speisen<\/strong>. Auch zu R\u00e4uchergerichten oder asiatischer K\u00fcche mit sanfter Sch\u00e4rfe passt er hervorragend.<\/p>\n<p data-start=\"993\" data-end=\"1057\"><strong data-start=\"993\" data-end=\"1013\">Trinktemperatur:<\/strong> 9\u201311 \u00b0C<br data-start=\"1021\" data-end=\"1024\" \/><strong data-start=\"1024\" data-end=\"1036\">Alkohol:<\/strong> 12,5 % vol.<\/p>\n","protected":false},"excerpt":{"rendered":"<p>Grauburgunder \u201eGro\u00dfes Holz\u201c trocken \u2013 Rebenherzweine (black label) Der Grauburgunder <a href=\"https:\/\/landhaus-christmann.de\/pl\/produkt\/grauburgunder-grosses-holz-trocken\/\"> [&#8230;]<\/a><\/p>\n","protected":false},"featured_media":3520,"template":"","meta":{"_price":"10.50","_stock":"","_tribe_ticket_header":"","_tribe_default_ticket_provider":"","_tribe_ticket_capacity":"36","_ticket_start_date":"","_ticket_end_date":"","_tribe_ticket_show_description":"","_tribe_ticket_show_not_going":false,"_tribe_ticket_use_global_stock":"","_tribe_ticket_global_stock_level":"","_global_stock_mode":"","_global_stock_cap":"","_tribe_rsvp_for_event":"","_tribe_ticket_going_count":"","_tribe_ticket_not_going_count":"","_tribe_tickets_list":"[]","_tribe_ticket_has_attendee_info_fields":false},"product_brand":[],"product_cat":[133,322,123],"product_tag":[346,269,347,307],"class_list":{"0":"post-461","1":"product","2":"type-product","3":"status-publish","4":"has-post-thumbnail","6":"product_cat-editionswein","7":"product_cat-rebenherzweine","8":"product_cat-weisswein","9":"product_tag-doppelstueck","10":"product_tag-holzfass","11":"product_tag-rebenherzweine","12":"product_tag-spontangaerung","14":"first","15":"instock","16":"taxable","17":"shipping-taxable","18":"purchasable","19":"product-type-simple"},"yoast_head":"<!-- This site is optimized with the Yoast SEO plugin v27.5 - https:\/\/yoast.com\/product\/yoast-seo-wordpress\/ -->\n<title>Grauburgunder \u201eGro\u00dfes Holz\u201c trocken - Weingut Christmann<\/title>\n<meta name=\"robots\" content=\"index, follow, max-snippet:-1, max-image-preview:large, max-video-preview:-1\" \/>\n<link rel=\"canonical\" href=\"https:\/\/landhaus-christmann.de\/pl\/produkt\/grauburgunder-grosses-holz-trocken\/\" \/>\n<meta property=\"og:locale\" content=\"pl_PL\" \/>\n<meta property=\"og:type\" content=\"article\" \/>\n<meta property=\"og:title\" content=\"Grauburgunder \u201eGro\u00dfes Holz\u201c trocken - Weingut Christmann\" \/>\n<meta property=\"og:description\" content=\"Grauburgunder \u201eGro\u00dfes Holz\u201c trocken \u2013 Rebenherzweine (black label) Der Grauburgunder [...]\" \/>\n<meta property=\"og:url\" content=\"https:\/\/landhaus-christmann.de\/pl\/produkt\/grauburgunder-grosses-holz-trocken\/\" \/>\n<meta property=\"og:site_name\" content=\"Weingut Christmann\" \/>\n<meta property=\"article:publisher\" content=\"https:\/\/www.facebook.com\/WeingutChristmann\" \/>\n<meta property=\"article:modified_time\" content=\"2025-08-21T07:39:29+00:00\" \/>\n<meta property=\"og:image\" content=\"https:\/\/landhaus-christmann.de\/wp-content\/uploads\/2021\/03\/2023-grauburgunder-grosses-holz.jpg\" \/>\n\t<meta property=\"og:image:width\" content=\"1500\" \/>\n\t<meta property=\"og:image:height\" content=\"1500\" \/>\n\t<meta property=\"og:image:type\" content=\"image\/jpeg\" \/>\n<meta name=\"twitter:card\" content=\"summary_large_image\" \/>\n<meta name=\"twitter:label1\" content=\"Szacowany czas czytania\" \/>\n\t<meta name=\"twitter:data1\" content=\"1 minuta\" \/>\n<script type=\"application\/ld+json\" class=\"yoast-schema-graph\">{\"@context\":\"https:\\\/\\\/schema.org\",\"@graph\":[{\"@type\":\"WebPage\",\"@id\":\"https:\\\/\\\/landhaus-christmann.de\\\/pl\\\/produkt\\\/grauburgunder-grosses-holz-trocken\\\/\",\"url\":\"https:\\\/\\\/landhaus-christmann.de\\\/pl\\\/produkt\\\/grauburgunder-grosses-holz-trocken\\\/\",\"name\":\"Grauburgunder \u201eGro\u00dfes Holz\u201c trocken - Weingut Christmann\",\"isPartOf\":{\"@id\":\"https:\\\/\\\/landhaus-christmann.de\\\/pl\\\/#website\"},\"primaryImageOfPage\":{\"@id\":\"https:\\\/\\\/landhaus-christmann.de\\\/pl\\\/produkt\\\/grauburgunder-grosses-holz-trocken\\\/#primaryimage\"},\"image\":{\"@id\":\"https:\\\/\\\/landhaus-christmann.de\\\/pl\\\/produkt\\\/grauburgunder-grosses-holz-trocken\\\/#primaryimage\"},\"thumbnailUrl\":\"https:\\\/\\\/landhaus-christmann.de\\\/wp-content\\\/uploads\\\/2021\\\/03\\\/2023-grauburgunder-grosses-holz.jpg\",\"datePublished\":\"2021-03-11T13:22:39+00:00\",\"dateModified\":\"2025-08-21T07:39:29+00:00\",\"breadcrumb\":{\"@id\":\"https:\\\/\\\/landhaus-christmann.de\\\/pl\\\/produkt\\\/grauburgunder-grosses-holz-trocken\\\/#breadcrumb\"},\"inLanguage\":\"pl-PL\",\"potentialAction\":[{\"@type\":\"ReadAction\",\"target\":[\"https:\\\/\\\/landhaus-christmann.de\\\/pl\\\/produkt\\\/grauburgunder-grosses-holz-trocken\\\/\"]}]},{\"@type\":\"ImageObject\",\"inLanguage\":\"pl-PL\",\"@id\":\"https:\\\/\\\/landhaus-christmann.de\\\/pl\\\/produkt\\\/grauburgunder-grosses-holz-trocken\\\/#primaryimage\",\"url\":\"https:\\\/\\\/landhaus-christmann.de\\\/wp-content\\\/uploads\\\/2021\\\/03\\\/2023-grauburgunder-grosses-holz.jpg\",\"contentUrl\":\"https:\\\/\\\/landhaus-christmann.de\\\/wp-content\\\/uploads\\\/2021\\\/03\\\/2023-grauburgunder-grosses-holz.jpg\",\"width\":1500,\"height\":1500},{\"@type\":\"BreadcrumbList\",\"@id\":\"https:\\\/\\\/landhaus-christmann.de\\\/pl\\\/produkt\\\/grauburgunder-grosses-holz-trocken\\\/#breadcrumb\",\"itemListElement\":[{\"@type\":\"ListItem\",\"position\":1,\"name\":\"Startseite\",\"item\":\"https:\\\/\\\/landhaus-christmann.de\\\/pl\\\/strona-glowna\\\/\"},{\"@type\":\"ListItem\",\"position\":2,\"name\":\"Sklep\",\"item\":\"https:\\\/\\\/landhaus-christmann.de\\\/pl\\\/sklep\\\/\"},{\"@type\":\"ListItem\",\"position\":3,\"name\":\"Grauburgunder \u201eGro\u00dfes Holz\u201c trocken\"}]},{\"@type\":\"WebSite\",\"@id\":\"https:\\\/\\\/landhaus-christmann.de\\\/pl\\\/#website\",\"url\":\"https:\\\/\\\/landhaus-christmann.de\\\/pl\\\/\",\"name\":\"Weingut Christmann\",\"description\":\"Weingut und Landhaus in St. Martin\\\/Pfalz\",\"publisher\":{\"@id\":\"https:\\\/\\\/landhaus-christmann.de\\\/pl\\\/#organization\"},\"potentialAction\":[{\"@type\":\"SearchAction\",\"target\":{\"@type\":\"EntryPoint\",\"urlTemplate\":\"https:\\\/\\\/landhaus-christmann.de\\\/pl\\\/?s={search_term_string}\"},\"query-input\":{\"@type\":\"PropertyValueSpecification\",\"valueRequired\":true,\"valueName\":\"search_term_string\"}}],\"inLanguage\":\"pl-PL\"},{\"@type\":\"Organization\",\"@id\":\"https:\\\/\\\/landhaus-christmann.de\\\/pl\\\/#organization\",\"name\":\"Weingut & Brennerei Christmann\",\"url\":\"https:\\\/\\\/landhaus-christmann.de\\\/pl\\\/\",\"logo\":{\"@type\":\"ImageObject\",\"inLanguage\":\"pl-PL\",\"@id\":\"https:\\\/\\\/landhaus-christmann.de\\\/pl\\\/#\\\/schema\\\/logo\\\/image\\\/\",\"url\":\"https:\\\/\\\/landhaus-christmann.de\\\/wp-content\\\/uploads\\\/2021\\\/02\\\/christmann_wappen_gold_1x.png\",\"contentUrl\":\"https:\\\/\\\/landhaus-christmann.de\\\/wp-content\\\/uploads\\\/2021\\\/02\\\/christmann_wappen_gold_1x.png\",\"width\":100,\"height\":129,\"caption\":\"Weingut & Brennerei Christmann\"},\"image\":{\"@id\":\"https:\\\/\\\/landhaus-christmann.de\\\/pl\\\/#\\\/schema\\\/logo\\\/image\\\/\"},\"sameAs\":[\"https:\\\/\\\/www.facebook.com\\\/WeingutChristmann\",\"https:\\\/\\\/www.instagram.com\\\/wein.landhaus.christmann\\\/\"]}]}<\/script>\n<!-- \/ Yoast SEO plugin. -->","yoast_head_json":{"title":"Grauburgunder \u201eGro\u00dfes Holz\u201c trocken - Weingut Christmann","robots":{"index":"index","follow":"follow","max-snippet":"max-snippet:-1","max-image-preview":"max-image-preview:large","max-video-preview":"max-video-preview:-1"},"canonical":"https:\/\/landhaus-christmann.de\/pl\/produkt\/grauburgunder-grosses-holz-trocken\/","og_locale":"pl_PL","og_type":"article","og_title":"Grauburgunder \u201eGro\u00dfes Holz\u201c trocken - Weingut Christmann","og_description":"Grauburgunder \u201eGro\u00dfes Holz\u201c trocken \u2013 Rebenherzweine (black label) Der Grauburgunder [...]","og_url":"https:\/\/landhaus-christmann.de\/pl\/produkt\/grauburgunder-grosses-holz-trocken\/","og_site_name":"Weingut Christmann","article_publisher":"https:\/\/www.facebook.com\/WeingutChristmann","article_modified_time":"2025-08-21T07:39:29+00:00","og_image":[{"width":1500,"height":1500,"url":"https:\/\/landhaus-christmann.de\/wp-content\/uploads\/2021\/03\/2023-grauburgunder-grosses-holz.jpg","type":"image\/jpeg"}],"twitter_card":"summary_large_image","twitter_misc":{"Szacowany czas czytania":"1 minuta"},"schema":{"@context":"https:\/\/schema.org","@graph":[{"@type":"WebPage","@id":"https:\/\/landhaus-christmann.de\/pl\/produkt\/grauburgunder-grosses-holz-trocken\/","url":"https:\/\/landhaus-christmann.de\/pl\/produkt\/grauburgunder-grosses-holz-trocken\/","name":"Grauburgunder \u201eGro\u00dfes Holz\u201c trocken - Weingut Christmann","isPartOf":{"@id":"https:\/\/landhaus-christmann.de\/pl\/#website"},"primaryImageOfPage":{"@id":"https:\/\/landhaus-christmann.de\/pl\/produkt\/grauburgunder-grosses-holz-trocken\/#primaryimage"},"image":{"@id":"https:\/\/landhaus-christmann.de\/pl\/produkt\/grauburgunder-grosses-holz-trocken\/#primaryimage"},"thumbnailUrl":"https:\/\/landhaus-christmann.de\/wp-content\/uploads\/2021\/03\/2023-grauburgunder-grosses-holz.jpg","datePublished":"2021-03-11T13:22:39+00:00","dateModified":"2025-08-21T07:39:29+00:00","breadcrumb":{"@id":"https:\/\/landhaus-christmann.de\/pl\/produkt\/grauburgunder-grosses-holz-trocken\/#breadcrumb"},"inLanguage":"pl-PL","potentialAction":[{"@type":"ReadAction","target":["https:\/\/landhaus-christmann.de\/pl\/produkt\/grauburgunder-grosses-holz-trocken\/"]}]},{"@type":"ImageObject","inLanguage":"pl-PL","@id":"https:\/\/landhaus-christmann.de\/pl\/produkt\/grauburgunder-grosses-holz-trocken\/#primaryimage","url":"https:\/\/landhaus-christmann.de\/wp-content\/uploads\/2021\/03\/2023-grauburgunder-grosses-holz.jpg","contentUrl":"https:\/\/landhaus-christmann.de\/wp-content\/uploads\/2021\/03\/2023-grauburgunder-grosses-holz.jpg","width":1500,"height":1500},{"@type":"BreadcrumbList","@id":"https:\/\/landhaus-christmann.de\/pl\/produkt\/grauburgunder-grosses-holz-trocken\/#breadcrumb","itemListElement":[{"@type":"ListItem","position":1,"name":"Startseite","item":"https:\/\/landhaus-christmann.de\/pl\/strona-glowna\/"},{"@type":"ListItem","position":2,"name":"Sklep","item":"https:\/\/landhaus-christmann.de\/pl\/sklep\/"},{"@type":"ListItem","position":3,"name":"Grauburgunder \u201eGro\u00dfes Holz\u201c trocken"}]},{"@type":"WebSite","@id":"https:\/\/landhaus-christmann.de\/pl\/#website","url":"https:\/\/landhaus-christmann.de\/pl\/","name":"Weingut Christmann","description":"Weingut und Landhaus in St. Martin\/Pfalz","publisher":{"@id":"https:\/\/landhaus-christmann.de\/pl\/#organization"},"potentialAction":[{"@type":"SearchAction","target":{"@type":"EntryPoint","urlTemplate":"https:\/\/landhaus-christmann.de\/pl\/?s={search_term_string}"},"query-input":{"@type":"PropertyValueSpecification","valueRequired":true,"valueName":"search_term_string"}}],"inLanguage":"pl-PL"},{"@type":"Organization","@id":"https:\/\/landhaus-christmann.de\/pl\/#organization","name":"Weingut & Brennerei Christmann","url":"https:\/\/landhaus-christmann.de\/pl\/","logo":{"@type":"ImageObject","inLanguage":"pl-PL","@id":"https:\/\/landhaus-christmann.de\/pl\/#\/schema\/logo\/image\/","url":"https:\/\/landhaus-christmann.de\/wp-content\/uploads\/2021\/02\/christmann_wappen_gold_1x.png","contentUrl":"https:\/\/landhaus-christmann.de\/wp-content\/uploads\/2021\/02\/christmann_wappen_gold_1x.png","width":100,"height":129,"caption":"Weingut & Brennerei Christmann"},"image":{"@id":"https:\/\/landhaus-christmann.de\/pl\/#\/schema\/logo\/image\/"},"sameAs":["https:\/\/www.facebook.com\/WeingutChristmann","https:\/\/www.instagram.com\/wein.landhaus.christmann\/"]}]}},"_links":{"self":[{"href":"https:\/\/landhaus-christmann.de\/pl\/wp-json\/wp\/v2\/product\/461","targetHints":{"allow":["GET"]}}],"collection":[{"href":"https:\/\/landhaus-christmann.de\/pl\/wp-json\/wp\/v2\/product"}],"about":[{"href":"https:\/\/landhaus-christmann.de\/pl\/wp-json\/wp\/v2\/types\/product"}],"wp:featuredmedia":[{"embeddable":true,"href":"https:\/\/landhaus-christmann.de\/pl\/wp-json\/wp\/v2\/media\/3520"}],"wp:attachment":[{"href":"https:\/\/landhaus-christmann.de\/pl\/wp-json\/wp\/v2\/media?parent=461"}],"wp:term":[{"taxonomy":"product_brand","embeddable":true,"href":"https:\/\/landhaus-christmann.de\/pl\/wp-json\/wp\/v2\/product_brand?post=461"},{"taxonomy":"product_cat","embeddable":true,"href":"https:\/\/landhaus-christmann.de\/pl\/wp-json\/wp\/v2\/product_cat?post=461"},{"taxonomy":"product_tag","embeddable":true,"href":"https:\/\/landhaus-christmann.de\/pl\/wp-json\/wp\/v2\/product_tag?post=461"}],"curies":[{"name":"wp","href":"https:\/\/api.w.org\/{rel}","templated":true}]}}