{"id":457,"date":"2021-03-10T16:09:24","date_gmt":"2021-03-10T15:09:24","guid":{"rendered":"https:\/\/landhaus-christmann.de\/?post_type=product&#038;p=457"},"modified":"2026-03-12T08:50:53","modified_gmt":"2026-03-12T07:50:53","slug":"chardonnay-trocken","status":"publish","type":"product","link":"https:\/\/landhaus-christmann.de\/pl\/produkt\/chardonnay-trocken\/","title":{"rendered":"Chardonnay trocken"},"content":{"rendered":"<p data-start=\"70\" data-end=\"122\"><strong data-start=\"70\" data-end=\"120\">Chardonnay \u2013 Ein Tanz von Frucht und Holz<\/strong><\/p>\n<p data-start=\"124\" data-end=\"532\">Dieser Chardonnay aus dem Jahrgang 2025 entfaltet ein harmonisches Spiel zwischen Klarheit und Tiefe. <strong data-start=\"226\" data-end=\"273\">Halb im Edelstahl, halb im Holzfass gereift<\/strong>, verbindet er die lebendige Frische sonnengereifter Fr\u00fcchte mit der subtilen W\u00e4rme des Holzes. Der im Fass spontan vergorene Anteil verleiht ihm eine <strong data-start=\"424\" data-end=\"467\">nat\u00fcrliche, fast fl\u00fcsternde Komplexit\u00e4t<\/strong>, die den Charakter des Weins auf elegante Weise unterstreicht.<\/p>\n<p data-start=\"534\" data-end=\"944\">Im Glas schimmert er in <strong data-start=\"558\" data-end=\"580\">hellgoldenem Licht<\/strong>, das von zarten gr\u00fcnen Reflexen durchzogen ist. Die Nase empf\u00e4ngt Sie mit <strong data-start=\"655\" data-end=\"691\">Birne, Mirabelle und Zitrusnoten<\/strong>, veredelt durch <strong data-start=\"708\" data-end=\"758\">Nuancen von Vanille, Hefeteig und feiner W\u00fcrze<\/strong>. Am Gaumen erz\u00e4hlt er eine Geschichte von <strong data-start=\"801\" data-end=\"878\">frischer Lebendigkeit, cremigem Schmelz und langer, harmonischer Ausdauer<\/strong>, die jeden Schluck zu einem kleinen Moment purer Eleganz macht.<\/p>\n<p data-start=\"946\" data-end=\"1131\">Ein Wein f\u00fcr jene, die <strong data-start=\"969\" data-end=\"999\">den Zauber des Augenblicks<\/strong> in jedem Glas suchen \u2013 ideal zu <strong data-start=\"1032\" data-end=\"1128\">raffinierten Fisch- und Gefl\u00fcgelgerichten, samtigen Pastasaucen oder ausgew\u00e4hlten K\u00e4sesorten<\/strong>.<\/p>\n","protected":false},"excerpt":{"rendered":"<p>Chardonnay \u2013 Ein Tanz von Frucht und Holz Dieser Chardonnay <a href=\"https:\/\/landhaus-christmann.de\/pl\/produkt\/chardonnay-trocken\/\"> [&#8230;]<\/a><\/p>\n","protected":false},"featured_media":3199,"template":"","meta":{"_price":"9.00","_stock":"","_tribe_ticket_header":"","_tribe_default_ticket_provider":"","_tribe_ticket_capacity":"87","_ticket_start_date":"","_ticket_end_date":"","_tribe_ticket_show_description":"","_tribe_ticket_show_not_going":false,"_tribe_ticket_use_global_stock":"","_tribe_ticket_global_stock_level":"","_global_stock_mode":"","_global_stock_cap":"","_tribe_rsvp_for_event":"","_tribe_ticket_going_count":"","_tribe_ticket_not_going_count":"","_tribe_tickets_list":"[]","_tribe_ticket_has_attendee_info_fields":false},"product_brand":[],"product_cat":[131,123],"product_tag":[],"class_list":{"0":"post-457","1":"product","2":"type-product","3":"status-publish","4":"has-post-thumbnail","6":"product_cat-spaetlese","7":"product_cat-weisswein","9":"first","10":"instock","11":"taxable","12":"shipping-taxable","13":"purchasable","14":"product-type-simple"},"yoast_head":"<!-- This site is optimized with the Yoast SEO plugin v27.4 - https:\/\/yoast.com\/product\/yoast-seo-wordpress\/ -->\n<title>Chardonnay trocken - Weingut Christmann<\/title>\n<meta name=\"robots\" content=\"index, follow, max-snippet:-1, max-image-preview:large, max-video-preview:-1\" \/>\n<link rel=\"canonical\" href=\"https:\/\/landhaus-christmann.de\/pl\/produkt\/chardonnay-trocken\/\" \/>\n<meta property=\"og:locale\" content=\"pl_PL\" \/>\n<meta property=\"og:type\" content=\"article\" \/>\n<meta property=\"og:title\" content=\"Chardonnay trocken - Weingut Christmann\" \/>\n<meta property=\"og:description\" content=\"Chardonnay \u2013 Ein Tanz von Frucht und Holz Dieser Chardonnay [...]\" \/>\n<meta property=\"og:url\" content=\"https:\/\/landhaus-christmann.de\/pl\/produkt\/chardonnay-trocken\/\" \/>\n<meta property=\"og:site_name\" content=\"Weingut Christmann\" \/>\n<meta property=\"article:publisher\" content=\"https:\/\/www.facebook.com\/WeingutChristmann\" \/>\n<meta property=\"article:modified_time\" content=\"2026-03-12T07:50:53+00:00\" \/>\n<meta property=\"og:image\" content=\"https:\/\/landhaus-christmann.de\/wp-content\/uploads\/2021\/03\/2021-chardonnay-trocken.jpg\" \/>\n\t<meta property=\"og:image:width\" content=\"1500\" \/>\n\t<meta property=\"og:image:height\" content=\"1500\" \/>\n\t<meta property=\"og:image:type\" content=\"image\/jpeg\" \/>\n<meta name=\"twitter:card\" content=\"summary_large_image\" \/>\n<meta name=\"twitter:label1\" content=\"Szacowany czas czytania\" \/>\n\t<meta name=\"twitter:data1\" content=\"2 minuty\" \/>\n<script type=\"application\/ld+json\" class=\"yoast-schema-graph\">{\"@context\":\"https:\\\/\\\/schema.org\",\"@graph\":[{\"@type\":\"WebPage\",\"@id\":\"https:\\\/\\\/landhaus-christmann.de\\\/pl\\\/produkt\\\/chardonnay-trocken\\\/\",\"url\":\"https:\\\/\\\/landhaus-christmann.de\\\/pl\\\/produkt\\\/chardonnay-trocken\\\/\",\"name\":\"Chardonnay trocken - Weingut Christmann\",\"isPartOf\":{\"@id\":\"https:\\\/\\\/landhaus-christmann.de\\\/pl\\\/#website\"},\"primaryImageOfPage\":{\"@id\":\"https:\\\/\\\/landhaus-christmann.de\\\/pl\\\/produkt\\\/chardonnay-trocken\\\/#primaryimage\"},\"image\":{\"@id\":\"https:\\\/\\\/landhaus-christmann.de\\\/pl\\\/produkt\\\/chardonnay-trocken\\\/#primaryimage\"},\"thumbnailUrl\":\"https:\\\/\\\/landhaus-christmann.de\\\/wp-content\\\/uploads\\\/2021\\\/03\\\/2021-chardonnay-trocken.jpg\",\"datePublished\":\"2021-03-10T15:09:24+00:00\",\"dateModified\":\"2026-03-12T07:50:53+00:00\",\"breadcrumb\":{\"@id\":\"https:\\\/\\\/landhaus-christmann.de\\\/pl\\\/produkt\\\/chardonnay-trocken\\\/#breadcrumb\"},\"inLanguage\":\"pl-PL\",\"potentialAction\":[{\"@type\":\"ReadAction\",\"target\":[\"https:\\\/\\\/landhaus-christmann.de\\\/pl\\\/produkt\\\/chardonnay-trocken\\\/\"]}]},{\"@type\":\"ImageObject\",\"inLanguage\":\"pl-PL\",\"@id\":\"https:\\\/\\\/landhaus-christmann.de\\\/pl\\\/produkt\\\/chardonnay-trocken\\\/#primaryimage\",\"url\":\"https:\\\/\\\/landhaus-christmann.de\\\/wp-content\\\/uploads\\\/2021\\\/03\\\/2021-chardonnay-trocken.jpg\",\"contentUrl\":\"https:\\\/\\\/landhaus-christmann.de\\\/wp-content\\\/uploads\\\/2021\\\/03\\\/2021-chardonnay-trocken.jpg\",\"width\":1500,\"height\":1500},{\"@type\":\"BreadcrumbList\",\"@id\":\"https:\\\/\\\/landhaus-christmann.de\\\/pl\\\/produkt\\\/chardonnay-trocken\\\/#breadcrumb\",\"itemListElement\":[{\"@type\":\"ListItem\",\"position\":1,\"name\":\"Startseite\",\"item\":\"https:\\\/\\\/landhaus-christmann.de\\\/pl\\\/strona-glowna\\\/\"},{\"@type\":\"ListItem\",\"position\":2,\"name\":\"Sklep\",\"item\":\"https:\\\/\\\/landhaus-christmann.de\\\/pl\\\/sklep\\\/\"},{\"@type\":\"ListItem\",\"position\":3,\"name\":\"Chardonnay trocken\"}]},{\"@type\":\"WebSite\",\"@id\":\"https:\\\/\\\/landhaus-christmann.de\\\/pl\\\/#website\",\"url\":\"https:\\\/\\\/landhaus-christmann.de\\\/pl\\\/\",\"name\":\"Weingut Christmann\",\"description\":\"Weingut und Landhaus in St. Martin\\\/Pfalz\",\"publisher\":{\"@id\":\"https:\\\/\\\/landhaus-christmann.de\\\/pl\\\/#organization\"},\"potentialAction\":[{\"@type\":\"SearchAction\",\"target\":{\"@type\":\"EntryPoint\",\"urlTemplate\":\"https:\\\/\\\/landhaus-christmann.de\\\/pl\\\/?s={search_term_string}\"},\"query-input\":{\"@type\":\"PropertyValueSpecification\",\"valueRequired\":true,\"valueName\":\"search_term_string\"}}],\"inLanguage\":\"pl-PL\"},{\"@type\":\"Organization\",\"@id\":\"https:\\\/\\\/landhaus-christmann.de\\\/pl\\\/#organization\",\"name\":\"Weingut & Brennerei Christmann\",\"url\":\"https:\\\/\\\/landhaus-christmann.de\\\/pl\\\/\",\"logo\":{\"@type\":\"ImageObject\",\"inLanguage\":\"pl-PL\",\"@id\":\"https:\\\/\\\/landhaus-christmann.de\\\/pl\\\/#\\\/schema\\\/logo\\\/image\\\/\",\"url\":\"https:\\\/\\\/landhaus-christmann.de\\\/wp-content\\\/uploads\\\/2021\\\/02\\\/christmann_wappen_gold_1x.png\",\"contentUrl\":\"https:\\\/\\\/landhaus-christmann.de\\\/wp-content\\\/uploads\\\/2021\\\/02\\\/christmann_wappen_gold_1x.png\",\"width\":100,\"height\":129,\"caption\":\"Weingut & Brennerei Christmann\"},\"image\":{\"@id\":\"https:\\\/\\\/landhaus-christmann.de\\\/pl\\\/#\\\/schema\\\/logo\\\/image\\\/\"},\"sameAs\":[\"https:\\\/\\\/www.facebook.com\\\/WeingutChristmann\",\"https:\\\/\\\/www.instagram.com\\\/wein.landhaus.christmann\\\/\"]}]}<\/script>\n<!-- \/ Yoast SEO plugin. -->","yoast_head_json":{"title":"Chardonnay trocken - Weingut Christmann","robots":{"index":"index","follow":"follow","max-snippet":"max-snippet:-1","max-image-preview":"max-image-preview:large","max-video-preview":"max-video-preview:-1"},"canonical":"https:\/\/landhaus-christmann.de\/pl\/produkt\/chardonnay-trocken\/","og_locale":"pl_PL","og_type":"article","og_title":"Chardonnay trocken - Weingut Christmann","og_description":"Chardonnay \u2013 Ein Tanz von Frucht und Holz Dieser Chardonnay [...]","og_url":"https:\/\/landhaus-christmann.de\/pl\/produkt\/chardonnay-trocken\/","og_site_name":"Weingut Christmann","article_publisher":"https:\/\/www.facebook.com\/WeingutChristmann","article_modified_time":"2026-03-12T07:50:53+00:00","og_image":[{"width":1500,"height":1500,"url":"https:\/\/landhaus-christmann.de\/wp-content\/uploads\/2021\/03\/2021-chardonnay-trocken.jpg","type":"image\/jpeg"}],"twitter_card":"summary_large_image","twitter_misc":{"Szacowany czas czytania":"2 minuty"},"schema":{"@context":"https:\/\/schema.org","@graph":[{"@type":"WebPage","@id":"https:\/\/landhaus-christmann.de\/pl\/produkt\/chardonnay-trocken\/","url":"https:\/\/landhaus-christmann.de\/pl\/produkt\/chardonnay-trocken\/","name":"Chardonnay trocken - Weingut Christmann","isPartOf":{"@id":"https:\/\/landhaus-christmann.de\/pl\/#website"},"primaryImageOfPage":{"@id":"https:\/\/landhaus-christmann.de\/pl\/produkt\/chardonnay-trocken\/#primaryimage"},"image":{"@id":"https:\/\/landhaus-christmann.de\/pl\/produkt\/chardonnay-trocken\/#primaryimage"},"thumbnailUrl":"https:\/\/landhaus-christmann.de\/wp-content\/uploads\/2021\/03\/2021-chardonnay-trocken.jpg","datePublished":"2021-03-10T15:09:24+00:00","dateModified":"2026-03-12T07:50:53+00:00","breadcrumb":{"@id":"https:\/\/landhaus-christmann.de\/pl\/produkt\/chardonnay-trocken\/#breadcrumb"},"inLanguage":"pl-PL","potentialAction":[{"@type":"ReadAction","target":["https:\/\/landhaus-christmann.de\/pl\/produkt\/chardonnay-trocken\/"]}]},{"@type":"ImageObject","inLanguage":"pl-PL","@id":"https:\/\/landhaus-christmann.de\/pl\/produkt\/chardonnay-trocken\/#primaryimage","url":"https:\/\/landhaus-christmann.de\/wp-content\/uploads\/2021\/03\/2021-chardonnay-trocken.jpg","contentUrl":"https:\/\/landhaus-christmann.de\/wp-content\/uploads\/2021\/03\/2021-chardonnay-trocken.jpg","width":1500,"height":1500},{"@type":"BreadcrumbList","@id":"https:\/\/landhaus-christmann.de\/pl\/produkt\/chardonnay-trocken\/#breadcrumb","itemListElement":[{"@type":"ListItem","position":1,"name":"Startseite","item":"https:\/\/landhaus-christmann.de\/pl\/strona-glowna\/"},{"@type":"ListItem","position":2,"name":"Sklep","item":"https:\/\/landhaus-christmann.de\/pl\/sklep\/"},{"@type":"ListItem","position":3,"name":"Chardonnay trocken"}]},{"@type":"WebSite","@id":"https:\/\/landhaus-christmann.de\/pl\/#website","url":"https:\/\/landhaus-christmann.de\/pl\/","name":"Weingut Christmann","description":"Weingut und Landhaus in St. Martin\/Pfalz","publisher":{"@id":"https:\/\/landhaus-christmann.de\/pl\/#organization"},"potentialAction":[{"@type":"SearchAction","target":{"@type":"EntryPoint","urlTemplate":"https:\/\/landhaus-christmann.de\/pl\/?s={search_term_string}"},"query-input":{"@type":"PropertyValueSpecification","valueRequired":true,"valueName":"search_term_string"}}],"inLanguage":"pl-PL"},{"@type":"Organization","@id":"https:\/\/landhaus-christmann.de\/pl\/#organization","name":"Weingut & Brennerei Christmann","url":"https:\/\/landhaus-christmann.de\/pl\/","logo":{"@type":"ImageObject","inLanguage":"pl-PL","@id":"https:\/\/landhaus-christmann.de\/pl\/#\/schema\/logo\/image\/","url":"https:\/\/landhaus-christmann.de\/wp-content\/uploads\/2021\/02\/christmann_wappen_gold_1x.png","contentUrl":"https:\/\/landhaus-christmann.de\/wp-content\/uploads\/2021\/02\/christmann_wappen_gold_1x.png","width":100,"height":129,"caption":"Weingut & Brennerei Christmann"},"image":{"@id":"https:\/\/landhaus-christmann.de\/pl\/#\/schema\/logo\/image\/"},"sameAs":["https:\/\/www.facebook.com\/WeingutChristmann","https:\/\/www.instagram.com\/wein.landhaus.christmann\/"]}]}},"_links":{"self":[{"href":"https:\/\/landhaus-christmann.de\/pl\/wp-json\/wp\/v2\/product\/457","targetHints":{"allow":["GET"]}}],"collection":[{"href":"https:\/\/landhaus-christmann.de\/pl\/wp-json\/wp\/v2\/product"}],"about":[{"href":"https:\/\/landhaus-christmann.de\/pl\/wp-json\/wp\/v2\/types\/product"}],"wp:featuredmedia":[{"embeddable":true,"href":"https:\/\/landhaus-christmann.de\/pl\/wp-json\/wp\/v2\/media\/3199"}],"wp:attachment":[{"href":"https:\/\/landhaus-christmann.de\/pl\/wp-json\/wp\/v2\/media?parent=457"}],"wp:term":[{"taxonomy":"product_brand","embeddable":true,"href":"https:\/\/landhaus-christmann.de\/pl\/wp-json\/wp\/v2\/product_brand?post=457"},{"taxonomy":"product_cat","embeddable":true,"href":"https:\/\/landhaus-christmann.de\/pl\/wp-json\/wp\/v2\/product_cat?post=457"},{"taxonomy":"product_tag","embeddable":true,"href":"https:\/\/landhaus-christmann.de\/pl\/wp-json\/wp\/v2\/product_tag?post=457"}],"curies":[{"name":"wp","href":"https:\/\/api.w.org\/{rel}","templated":true}]}}