{"id":3107,"date":"2023-11-19T10:44:14","date_gmt":"2023-11-19T09:44:14","guid":{"rendered":"https:\/\/landhaus-christmann.de\/?post_type=product&#038;p=3107"},"modified":"2025-07-15T13:58:25","modified_gmt":"2025-07-15T11:58:25","slug":"50000e-gutschein","status":"publish","type":"product","link":"https:\/\/landhaus-christmann.de\/pl\/produkt\/50000e-gutschein\/","title":{"rendered":"500,00\u20ac Gutschein"},"content":{"rendered":"<p style=\"text-align: center;\"><strong>-Verschenken Sie Genussmomente \u2013<\/strong><\/p>\n<p style=\"text-align: center;\">Exklusiver 500,00\u20ac Gutschein f\u00fcr Wein, Sekt, Secco &amp; Br\u00e4nde sowie f\u00fcr unser Landhaus!<\/p>\n<p style=\"text-align: center;\">Wir laden Sie herzlich ein, mit unserem exklusiven Gutschein eine Welt des Genusses zu erkunden!<\/p>\n<p style=\"text-align: center;\">Tauchen Sie in die Vielfalt von erlesenen Weinen, prickelndem Sekt, k\u00f6stlichem Secco und edlen Br\u00e4nden, Lik\u00f6re sowie Gins ein. Zus\u00e4tzlich laden wir Sie ein, die herzliche Atmosph\u00e4re unseres Landhauses zu erleben.<\/p>\n<p style=\"text-align: center;\">Ihr Gutschein bietet Ihnen die M\u00f6glichkeit, ausgew\u00e4hlte Weine und Spirituosen aus unserem Sortiment zu genie\u00dfen. Egal, ob Sie ein Weinliebhaber sind, sich f\u00fcr feinen Sekt interessieren oder die Aromen von edlen Br\u00e4nden entdecken m\u00f6chten \u2013 unser Angebot l\u00e4sst keine W\u00fcnsche offen. Zus\u00e4tzlich zum exquisiten Genuss laden wir Sie ein, die entspannte Atmosph\u00e4re unseres Landhauses zu erleben. Genie\u00dfen Sie die gem\u00fctliche Einrichtung, die kulinarischen K\u00f6stlichkeiten und den Charme unserer idyllischen Umgebung.<\/p>\n","protected":false},"excerpt":{"rendered":"<p style=\"text-align: center;\"><strong>-Verschenken Sie Genussmomente \u2013<\/strong><\/p>\n<p style=\"text-align: center;\">Exklusiver 500,00\u20ac Gutschein f\u00fcr Wein, Sekt, Secco &amp; Br\u00e4nde sowie f\u00fcr unser Landhaus!<\/p>\n<p style=\"text-align: center;\">Wir laden Sie herzlich ein, mit unserem exklusiven Gutschein eine Welt des Genusses zu erkunden!<\/p>\n<p style=\"text-align: center;\">Tauchen Sie in die Vielfalt von erlesenen Weinen, prickelndem Sekt, k\u00f6stlichem Secco und edlen Br\u00e4nden, Lik\u00f6re sowie Gins ein.<\/p>\n","protected":false},"featured_media":3092,"template":"","meta":{"_price":"500.00","_stock":"","_tribe_ticket_header":"","_tribe_default_ticket_provider":"","_tribe_ticket_capacity":"0","_ticket_start_date":"","_ticket_end_date":"","_tribe_ticket_show_description":"","_tribe_ticket_show_not_going":false,"_tribe_ticket_use_global_stock":"","_tribe_ticket_global_stock_level":"","_global_stock_mode":"","_global_stock_cap":"","_tribe_rsvp_for_event":"","_tribe_ticket_going_count":"","_tribe_ticket_not_going_count":"","_tribe_tickets_list":"[]","_tribe_ticket_has_attendee_info_fields":false},"product_brand":[],"product_cat":[241],"product_tag":[250,243],"class_list":{"0":"post-3107","1":"product","2":"type-product","3":"status-publish","4":"has-post-thumbnail","6":"product_cat-gutscheine","7":"product_tag-250","8":"product_tag-gutschein","9":"product_shipping_class-gutscheine","11":"first","12":"instock","13":"featured","14":"downloadable","15":"shipping-taxable","16":"purchasable","17":"product-type-simple"},"yoast_head":"<!-- This site is optimized with the Yoast SEO plugin v27.4 - https:\/\/yoast.com\/product\/yoast-seo-wordpress\/ -->\n<title>500,00\u20ac Gutschein - Weingut Christmann<\/title>\n<meta name=\"robots\" content=\"index, follow, max-snippet:-1, max-image-preview:large, max-video-preview:-1\" \/>\n<link rel=\"canonical\" href=\"https:\/\/landhaus-christmann.de\/pl\/produkt\/50000e-gutschein\/\" \/>\n<meta property=\"og:locale\" content=\"pl_PL\" \/>\n<meta property=\"og:type\" content=\"article\" \/>\n<meta property=\"og:title\" content=\"500,00\u20ac Gutschein - Weingut Christmann\" \/>\n<meta property=\"og:description\" content=\"-Verschenken Sie Genussmomente \u2013 Exklusiver 500,00\u20ac Gutschein f\u00fcr Wein, Sekt, Secco &amp; Br\u00e4nde sowie f\u00fcr unser Landhaus! Wir laden Sie herzlich ein, mit unserem exklusiven Gutschein eine Welt des Genusses zu erkunden! Tauchen Sie in die Vielfalt von erlesenen Weinen, prickelndem Sekt, k\u00f6stlichem Secco und edlen Br\u00e4nden, Lik\u00f6re sowie Gins ein.\" \/>\n<meta property=\"og:url\" content=\"https:\/\/landhaus-christmann.de\/pl\/produkt\/50000e-gutschein\/\" \/>\n<meta property=\"og:site_name\" content=\"Weingut Christmann\" \/>\n<meta property=\"article:publisher\" content=\"https:\/\/www.facebook.com\/WeingutChristmann\" \/>\n<meta property=\"article:modified_time\" content=\"2025-07-15T11:58:25+00:00\" \/>\n<meta property=\"og:image\" content=\"https:\/\/landhaus-christmann.de\/wp-content\/uploads\/2023\/11\/IMG_2841.jpg\" \/>\n\t<meta property=\"og:image:width\" content=\"2168\" \/>\n\t<meta property=\"og:image:height\" content=\"1179\" \/>\n\t<meta property=\"og:image:type\" content=\"image\/jpeg\" \/>\n<meta name=\"twitter:card\" content=\"summary_large_image\" \/>\n<meta name=\"twitter:label1\" content=\"Szacowany czas czytania\" \/>\n\t<meta name=\"twitter:data1\" content=\"1 minuta\" \/>\n<script type=\"application\/ld+json\" class=\"yoast-schema-graph\">{\"@context\":\"https:\\\/\\\/schema.org\",\"@graph\":[{\"@type\":\"WebPage\",\"@id\":\"https:\\\/\\\/landhaus-christmann.de\\\/pl\\\/produkt\\\/50000e-gutschein\\\/\",\"url\":\"https:\\\/\\\/landhaus-christmann.de\\\/pl\\\/produkt\\\/50000e-gutschein\\\/\",\"name\":\"500,00\u20ac Gutschein - Weingut Christmann\",\"isPartOf\":{\"@id\":\"https:\\\/\\\/landhaus-christmann.de\\\/pl\\\/#website\"},\"primaryImageOfPage\":{\"@id\":\"https:\\\/\\\/landhaus-christmann.de\\\/pl\\\/produkt\\\/50000e-gutschein\\\/#primaryimage\"},\"image\":{\"@id\":\"https:\\\/\\\/landhaus-christmann.de\\\/pl\\\/produkt\\\/50000e-gutschein\\\/#primaryimage\"},\"thumbnailUrl\":\"https:\\\/\\\/landhaus-christmann.de\\\/wp-content\\\/uploads\\\/2023\\\/11\\\/IMG_2841.jpg\",\"datePublished\":\"2023-11-19T09:44:14+00:00\",\"dateModified\":\"2025-07-15T11:58:25+00:00\",\"breadcrumb\":{\"@id\":\"https:\\\/\\\/landhaus-christmann.de\\\/pl\\\/produkt\\\/50000e-gutschein\\\/#breadcrumb\"},\"inLanguage\":\"pl-PL\",\"potentialAction\":[{\"@type\":\"ReadAction\",\"target\":[\"https:\\\/\\\/landhaus-christmann.de\\\/pl\\\/produkt\\\/50000e-gutschein\\\/\"]}]},{\"@type\":\"ImageObject\",\"inLanguage\":\"pl-PL\",\"@id\":\"https:\\\/\\\/landhaus-christmann.de\\\/pl\\\/produkt\\\/50000e-gutschein\\\/#primaryimage\",\"url\":\"https:\\\/\\\/landhaus-christmann.de\\\/wp-content\\\/uploads\\\/2023\\\/11\\\/IMG_2841.jpg\",\"contentUrl\":\"https:\\\/\\\/landhaus-christmann.de\\\/wp-content\\\/uploads\\\/2023\\\/11\\\/IMG_2841.jpg\",\"width\":2168,\"height\":1179,\"caption\":\"Gutschein\"},{\"@type\":\"BreadcrumbList\",\"@id\":\"https:\\\/\\\/landhaus-christmann.de\\\/pl\\\/produkt\\\/50000e-gutschein\\\/#breadcrumb\",\"itemListElement\":[{\"@type\":\"ListItem\",\"position\":1,\"name\":\"Startseite\",\"item\":\"https:\\\/\\\/landhaus-christmann.de\\\/pl\\\/strona-glowna\\\/\"},{\"@type\":\"ListItem\",\"position\":2,\"name\":\"Sklep\",\"item\":\"https:\\\/\\\/landhaus-christmann.de\\\/pl\\\/sklep\\\/\"},{\"@type\":\"ListItem\",\"position\":3,\"name\":\"500,00\u20ac Gutschein\"}]},{\"@type\":\"WebSite\",\"@id\":\"https:\\\/\\\/landhaus-christmann.de\\\/pl\\\/#website\",\"url\":\"https:\\\/\\\/landhaus-christmann.de\\\/pl\\\/\",\"name\":\"Weingut Christmann\",\"description\":\"Weingut und Landhaus in St. Martin\\\/Pfalz\",\"publisher\":{\"@id\":\"https:\\\/\\\/landhaus-christmann.de\\\/pl\\\/#organization\"},\"potentialAction\":[{\"@type\":\"SearchAction\",\"target\":{\"@type\":\"EntryPoint\",\"urlTemplate\":\"https:\\\/\\\/landhaus-christmann.de\\\/pl\\\/?s={search_term_string}\"},\"query-input\":{\"@type\":\"PropertyValueSpecification\",\"valueRequired\":true,\"valueName\":\"search_term_string\"}}],\"inLanguage\":\"pl-PL\"},{\"@type\":\"Organization\",\"@id\":\"https:\\\/\\\/landhaus-christmann.de\\\/pl\\\/#organization\",\"name\":\"Weingut & Brennerei Christmann\",\"url\":\"https:\\\/\\\/landhaus-christmann.de\\\/pl\\\/\",\"logo\":{\"@type\":\"ImageObject\",\"inLanguage\":\"pl-PL\",\"@id\":\"https:\\\/\\\/landhaus-christmann.de\\\/pl\\\/#\\\/schema\\\/logo\\\/image\\\/\",\"url\":\"https:\\\/\\\/landhaus-christmann.de\\\/wp-content\\\/uploads\\\/2021\\\/02\\\/christmann_wappen_gold_1x.png\",\"contentUrl\":\"https:\\\/\\\/landhaus-christmann.de\\\/wp-content\\\/uploads\\\/2021\\\/02\\\/christmann_wappen_gold_1x.png\",\"width\":100,\"height\":129,\"caption\":\"Weingut & Brennerei Christmann\"},\"image\":{\"@id\":\"https:\\\/\\\/landhaus-christmann.de\\\/pl\\\/#\\\/schema\\\/logo\\\/image\\\/\"},\"sameAs\":[\"https:\\\/\\\/www.facebook.com\\\/WeingutChristmann\",\"https:\\\/\\\/www.instagram.com\\\/wein.landhaus.christmann\\\/\"]}]}<\/script>\n<!-- \/ Yoast SEO plugin. -->","yoast_head_json":{"title":"500,00\u20ac Gutschein - Weingut Christmann","robots":{"index":"index","follow":"follow","max-snippet":"max-snippet:-1","max-image-preview":"max-image-preview:large","max-video-preview":"max-video-preview:-1"},"canonical":"https:\/\/landhaus-christmann.de\/pl\/produkt\/50000e-gutschein\/","og_locale":"pl_PL","og_type":"article","og_title":"500,00\u20ac Gutschein - Weingut Christmann","og_description":"-Verschenken Sie Genussmomente \u2013 Exklusiver 500,00\u20ac Gutschein f\u00fcr Wein, Sekt, Secco &amp; Br\u00e4nde sowie f\u00fcr unser Landhaus! Wir laden Sie herzlich ein, mit unserem exklusiven Gutschein eine Welt des Genusses zu erkunden! Tauchen Sie in die Vielfalt von erlesenen Weinen, prickelndem Sekt, k\u00f6stlichem Secco und edlen Br\u00e4nden, Lik\u00f6re sowie Gins ein.","og_url":"https:\/\/landhaus-christmann.de\/pl\/produkt\/50000e-gutschein\/","og_site_name":"Weingut Christmann","article_publisher":"https:\/\/www.facebook.com\/WeingutChristmann","article_modified_time":"2025-07-15T11:58:25+00:00","og_image":[{"width":2168,"height":1179,"url":"https:\/\/landhaus-christmann.de\/wp-content\/uploads\/2023\/11\/IMG_2841.jpg","type":"image\/jpeg"}],"twitter_card":"summary_large_image","twitter_misc":{"Szacowany czas czytania":"1 minuta"},"schema":{"@context":"https:\/\/schema.org","@graph":[{"@type":"WebPage","@id":"https:\/\/landhaus-christmann.de\/pl\/produkt\/50000e-gutschein\/","url":"https:\/\/landhaus-christmann.de\/pl\/produkt\/50000e-gutschein\/","name":"500,00\u20ac Gutschein - Weingut Christmann","isPartOf":{"@id":"https:\/\/landhaus-christmann.de\/pl\/#website"},"primaryImageOfPage":{"@id":"https:\/\/landhaus-christmann.de\/pl\/produkt\/50000e-gutschein\/#primaryimage"},"image":{"@id":"https:\/\/landhaus-christmann.de\/pl\/produkt\/50000e-gutschein\/#primaryimage"},"thumbnailUrl":"https:\/\/landhaus-christmann.de\/wp-content\/uploads\/2023\/11\/IMG_2841.jpg","datePublished":"2023-11-19T09:44:14+00:00","dateModified":"2025-07-15T11:58:25+00:00","breadcrumb":{"@id":"https:\/\/landhaus-christmann.de\/pl\/produkt\/50000e-gutschein\/#breadcrumb"},"inLanguage":"pl-PL","potentialAction":[{"@type":"ReadAction","target":["https:\/\/landhaus-christmann.de\/pl\/produkt\/50000e-gutschein\/"]}]},{"@type":"ImageObject","inLanguage":"pl-PL","@id":"https:\/\/landhaus-christmann.de\/pl\/produkt\/50000e-gutschein\/#primaryimage","url":"https:\/\/landhaus-christmann.de\/wp-content\/uploads\/2023\/11\/IMG_2841.jpg","contentUrl":"https:\/\/landhaus-christmann.de\/wp-content\/uploads\/2023\/11\/IMG_2841.jpg","width":2168,"height":1179,"caption":"Gutschein"},{"@type":"BreadcrumbList","@id":"https:\/\/landhaus-christmann.de\/pl\/produkt\/50000e-gutschein\/#breadcrumb","itemListElement":[{"@type":"ListItem","position":1,"name":"Startseite","item":"https:\/\/landhaus-christmann.de\/pl\/strona-glowna\/"},{"@type":"ListItem","position":2,"name":"Sklep","item":"https:\/\/landhaus-christmann.de\/pl\/sklep\/"},{"@type":"ListItem","position":3,"name":"500,00\u20ac Gutschein"}]},{"@type":"WebSite","@id":"https:\/\/landhaus-christmann.de\/pl\/#website","url":"https:\/\/landhaus-christmann.de\/pl\/","name":"Weingut Christmann","description":"Weingut und Landhaus in St. Martin\/Pfalz","publisher":{"@id":"https:\/\/landhaus-christmann.de\/pl\/#organization"},"potentialAction":[{"@type":"SearchAction","target":{"@type":"EntryPoint","urlTemplate":"https:\/\/landhaus-christmann.de\/pl\/?s={search_term_string}"},"query-input":{"@type":"PropertyValueSpecification","valueRequired":true,"valueName":"search_term_string"}}],"inLanguage":"pl-PL"},{"@type":"Organization","@id":"https:\/\/landhaus-christmann.de\/pl\/#organization","name":"Weingut & Brennerei Christmann","url":"https:\/\/landhaus-christmann.de\/pl\/","logo":{"@type":"ImageObject","inLanguage":"pl-PL","@id":"https:\/\/landhaus-christmann.de\/pl\/#\/schema\/logo\/image\/","url":"https:\/\/landhaus-christmann.de\/wp-content\/uploads\/2021\/02\/christmann_wappen_gold_1x.png","contentUrl":"https:\/\/landhaus-christmann.de\/wp-content\/uploads\/2021\/02\/christmann_wappen_gold_1x.png","width":100,"height":129,"caption":"Weingut & Brennerei Christmann"},"image":{"@id":"https:\/\/landhaus-christmann.de\/pl\/#\/schema\/logo\/image\/"},"sameAs":["https:\/\/www.facebook.com\/WeingutChristmann","https:\/\/www.instagram.com\/wein.landhaus.christmann\/"]}]}},"_links":{"self":[{"href":"https:\/\/landhaus-christmann.de\/pl\/wp-json\/wp\/v2\/product\/3107","targetHints":{"allow":["GET"]}}],"collection":[{"href":"https:\/\/landhaus-christmann.de\/pl\/wp-json\/wp\/v2\/product"}],"about":[{"href":"https:\/\/landhaus-christmann.de\/pl\/wp-json\/wp\/v2\/types\/product"}],"wp:featuredmedia":[{"embeddable":true,"href":"https:\/\/landhaus-christmann.de\/pl\/wp-json\/wp\/v2\/media\/3092"}],"wp:attachment":[{"href":"https:\/\/landhaus-christmann.de\/pl\/wp-json\/wp\/v2\/media?parent=3107"}],"wp:term":[{"taxonomy":"product_brand","embeddable":true,"href":"https:\/\/landhaus-christmann.de\/pl\/wp-json\/wp\/v2\/product_brand?post=3107"},{"taxonomy":"product_cat","embeddable":true,"href":"https:\/\/landhaus-christmann.de\/pl\/wp-json\/wp\/v2\/product_cat?post=3107"},{"taxonomy":"product_tag","embeddable":true,"href":"https:\/\/landhaus-christmann.de\/pl\/wp-json\/wp\/v2\/product_tag?post=3107"}],"curies":[{"name":"wp","href":"https:\/\/api.w.org\/{rel}","templated":true}]}}