{"id":1614,"date":"2022-04-14T07:36:35","date_gmt":"2022-04-14T05:36:35","guid":{"rendered":"https:\/\/landhaus-christmann.de\/?post_type=product&#038;p=1614"},"modified":"2026-03-26T08:16:25","modified_gmt":"2026-03-26T07:16:25","slug":"spargel-paket","status":"publish","type":"product","link":"https:\/\/landhaus-christmann.de\/pl\/produkt\/spargel-paket\/","title":{"rendered":"Spargel Paket"},"content":{"rendered":"<p>Endlich gibt es wieder Spargel, f\u00fcr diese kurze Zeit haben wir Ihnen ein extra Paket geschn\u00fcrt.<\/p>\n<p>F\u00fcr nur 35,00\u20ac bekommen Sie eine Auswahl von 6 Weinen.<\/p>\n<p>Das Paket enth\u00e4lt je eine Flasche des aktuellen Jahrgangs:<\/p>\n<ul>\n<li>Riesling trocken<\/li>\n<li>Pinot Blanc trocken<\/li>\n<li>Sauvignon Blanc trocken<\/li>\n<li>Sauvignon Blanc fruchtig<\/li>\n<li>Chardonnay trocken<\/li>\n<li>Pinot Noir Ros\u00e9 trocken<\/li>\n<\/ul>\n","protected":false},"excerpt":{"rendered":"<p>Endlich gibt es wieder Spargel, f\u00fcr diese kurze Zeit haben <a href=\"https:\/\/landhaus-christmann.de\/pl\/produkt\/spargel-paket\/\"> [&#8230;]<\/a><\/p>\n","protected":false},"featured_media":4342,"template":"","meta":{"_price":"35.00","_stock":"","_tribe_ticket_header":"","_tribe_default_ticket_provider":"","_tribe_ticket_capacity":"0","_ticket_start_date":"","_ticket_end_date":"","_tribe_ticket_show_description":"","_tribe_ticket_show_not_going":false,"_tribe_ticket_use_global_stock":"","_tribe_ticket_global_stock_level":"","_global_stock_mode":"","_global_stock_cap":"","_tribe_rsvp_for_event":"","_tribe_ticket_going_count":"","_tribe_ticket_not_going_count":"","_tribe_tickets_list":"[]","_tribe_ticket_has_attendee_info_fields":false},"product_brand":[],"product_cat":[144],"product_tag":[265,262,264,180,178],"class_list":{"0":"post-1614","1":"product","2":"type-product","3":"status-publish","4":"has-post-thumbnail","6":"product_cat-weinpakete","7":"product_tag-fruehling","8":"product_tag-paket","9":"product_tag-spargel","10":"product_tag-wein","11":"product_tag-weinpaket","13":"first","14":"instock","15":"taxable","16":"shipping-taxable","17":"purchasable","18":"product-type-simple"},"yoast_head":"<!-- This site is optimized with the Yoast SEO plugin v27.4 - https:\/\/yoast.com\/product\/yoast-seo-wordpress\/ -->\n<title>Spargel Paket - Weingut Christmann<\/title>\n<meta name=\"description\" content=\"Genie\u00dfen Sie die Spargelsaison in ihrer sch\u00f6nsten Form: Unser sorgf\u00e4ltig zusammengestelltes Weinpaket begleitet feine Spargelgerichte perfekt. Frische, elegante Wei\u00dfweine mit lebendiger S\u00e4ure und zarten Fruchtaromen unterstreichen den mild-nussigen Geschmack des Spargels, ohne ihn zu \u00fcberdecken. Ob klassisch mit Sauce Hollandaise oder leicht mit Butter \u2013 diese Weine sorgen f\u00fcr ein harmonisches Genusserlebnis. Ein echtes Highlight f\u00fcr Fr\u00fchlingsabende und gesellige Momente.\" \/>\n<meta name=\"robots\" content=\"index, follow, max-snippet:-1, max-image-preview:large, max-video-preview:-1\" \/>\n<link rel=\"canonical\" href=\"https:\/\/landhaus-christmann.de\/pl\/produkt\/spargel-paket\/\" \/>\n<meta property=\"og:locale\" content=\"pl_PL\" \/>\n<meta property=\"og:type\" content=\"article\" \/>\n<meta property=\"og:title\" content=\"Spargel Paket - Weingut Christmann\" \/>\n<meta property=\"og:description\" content=\"Genie\u00dfen Sie die Spargelsaison in ihrer sch\u00f6nsten Form: Unser sorgf\u00e4ltig zusammengestelltes Weinpaket begleitet feine Spargelgerichte perfekt. Frische, elegante Wei\u00dfweine mit lebendiger S\u00e4ure und zarten Fruchtaromen unterstreichen den mild-nussigen Geschmack des Spargels, ohne ihn zu \u00fcberdecken. Ob klassisch mit Sauce Hollandaise oder leicht mit Butter \u2013 diese Weine sorgen f\u00fcr ein harmonisches Genusserlebnis. Ein echtes Highlight f\u00fcr Fr\u00fchlingsabende und gesellige Momente.\" \/>\n<meta property=\"og:url\" content=\"https:\/\/landhaus-christmann.de\/pl\/produkt\/spargel-paket\/\" \/>\n<meta property=\"og:site_name\" content=\"Weingut Christmann\" \/>\n<meta property=\"article:publisher\" content=\"https:\/\/www.facebook.com\/WeingutChristmann\" \/>\n<meta property=\"article:modified_time\" content=\"2026-03-26T07:16:25+00:00\" \/>\n<meta property=\"og:image\" content=\"https:\/\/landhaus-christmann.de\/wp-content\/uploads\/2022\/04\/Spargel_Wein.jpg\" \/>\n\t<meta property=\"og:image:width\" content=\"1024\" \/>\n\t<meta property=\"og:image:height\" content=\"1536\" \/>\n\t<meta property=\"og:image:type\" content=\"image\/jpeg\" \/>\n<meta name=\"twitter:card\" content=\"summary_large_image\" \/>\n<meta name=\"twitter:label1\" content=\"Szacowany czas czytania\" \/>\n\t<meta name=\"twitter:data1\" content=\"1 minuta\" \/>\n<script type=\"application\/ld+json\" class=\"yoast-schema-graph\">{\"@context\":\"https:\\\/\\\/schema.org\",\"@graph\":[{\"@type\":\"WebPage\",\"@id\":\"https:\\\/\\\/landhaus-christmann.de\\\/pl\\\/produkt\\\/spargel-paket\\\/\",\"url\":\"https:\\\/\\\/landhaus-christmann.de\\\/pl\\\/produkt\\\/spargel-paket\\\/\",\"name\":\"Spargel Paket - Weingut Christmann\",\"isPartOf\":{\"@id\":\"https:\\\/\\\/landhaus-christmann.de\\\/pl\\\/#website\"},\"primaryImageOfPage\":{\"@id\":\"https:\\\/\\\/landhaus-christmann.de\\\/pl\\\/produkt\\\/spargel-paket\\\/#primaryimage\"},\"image\":{\"@id\":\"https:\\\/\\\/landhaus-christmann.de\\\/pl\\\/produkt\\\/spargel-paket\\\/#primaryimage\"},\"thumbnailUrl\":\"https:\\\/\\\/landhaus-christmann.de\\\/wp-content\\\/uploads\\\/2022\\\/04\\\/Spargel_Wein.jpg\",\"datePublished\":\"2022-04-14T05:36:35+00:00\",\"dateModified\":\"2026-03-26T07:16:25+00:00\",\"description\":\"Genie\u00dfen Sie die Spargelsaison in ihrer sch\u00f6nsten Form: Unser sorgf\u00e4ltig zusammengestelltes Weinpaket begleitet feine Spargelgerichte perfekt. Frische, elegante Wei\u00dfweine mit lebendiger S\u00e4ure und zarten Fruchtaromen unterstreichen den mild-nussigen Geschmack des Spargels, ohne ihn zu \u00fcberdecken. Ob klassisch mit Sauce Hollandaise oder leicht mit Butter \u2013 diese Weine sorgen f\u00fcr ein harmonisches Genusserlebnis. Ein echtes Highlight f\u00fcr Fr\u00fchlingsabende und gesellige Momente.\",\"breadcrumb\":{\"@id\":\"https:\\\/\\\/landhaus-christmann.de\\\/pl\\\/produkt\\\/spargel-paket\\\/#breadcrumb\"},\"inLanguage\":\"pl-PL\",\"potentialAction\":[{\"@type\":\"ReadAction\",\"target\":[\"https:\\\/\\\/landhaus-christmann.de\\\/pl\\\/produkt\\\/spargel-paket\\\/\"]}]},{\"@type\":\"ImageObject\",\"inLanguage\":\"pl-PL\",\"@id\":\"https:\\\/\\\/landhaus-christmann.de\\\/pl\\\/produkt\\\/spargel-paket\\\/#primaryimage\",\"url\":\"https:\\\/\\\/landhaus-christmann.de\\\/wp-content\\\/uploads\\\/2022\\\/04\\\/Spargel_Wein.jpg\",\"contentUrl\":\"https:\\\/\\\/landhaus-christmann.de\\\/wp-content\\\/uploads\\\/2022\\\/04\\\/Spargel_Wein.jpg\",\"width\":1024,\"height\":1536},{\"@type\":\"BreadcrumbList\",\"@id\":\"https:\\\/\\\/landhaus-christmann.de\\\/pl\\\/produkt\\\/spargel-paket\\\/#breadcrumb\",\"itemListElement\":[{\"@type\":\"ListItem\",\"position\":1,\"name\":\"Startseite\",\"item\":\"https:\\\/\\\/landhaus-christmann.de\\\/pl\\\/strona-glowna\\\/\"},{\"@type\":\"ListItem\",\"position\":2,\"name\":\"Sklep\",\"item\":\"https:\\\/\\\/landhaus-christmann.de\\\/pl\\\/sklep\\\/\"},{\"@type\":\"ListItem\",\"position\":3,\"name\":\"Spargel Paket\"}]},{\"@type\":\"WebSite\",\"@id\":\"https:\\\/\\\/landhaus-christmann.de\\\/pl\\\/#website\",\"url\":\"https:\\\/\\\/landhaus-christmann.de\\\/pl\\\/\",\"name\":\"Weingut Christmann\",\"description\":\"Weingut und Landhaus in St. Martin\\\/Pfalz\",\"publisher\":{\"@id\":\"https:\\\/\\\/landhaus-christmann.de\\\/pl\\\/#organization\"},\"potentialAction\":[{\"@type\":\"SearchAction\",\"target\":{\"@type\":\"EntryPoint\",\"urlTemplate\":\"https:\\\/\\\/landhaus-christmann.de\\\/pl\\\/?s={search_term_string}\"},\"query-input\":{\"@type\":\"PropertyValueSpecification\",\"valueRequired\":true,\"valueName\":\"search_term_string\"}}],\"inLanguage\":\"pl-PL\"},{\"@type\":\"Organization\",\"@id\":\"https:\\\/\\\/landhaus-christmann.de\\\/pl\\\/#organization\",\"name\":\"Weingut & Brennerei Christmann\",\"url\":\"https:\\\/\\\/landhaus-christmann.de\\\/pl\\\/\",\"logo\":{\"@type\":\"ImageObject\",\"inLanguage\":\"pl-PL\",\"@id\":\"https:\\\/\\\/landhaus-christmann.de\\\/pl\\\/#\\\/schema\\\/logo\\\/image\\\/\",\"url\":\"https:\\\/\\\/landhaus-christmann.de\\\/wp-content\\\/uploads\\\/2021\\\/02\\\/christmann_wappen_gold_1x.png\",\"contentUrl\":\"https:\\\/\\\/landhaus-christmann.de\\\/wp-content\\\/uploads\\\/2021\\\/02\\\/christmann_wappen_gold_1x.png\",\"width\":100,\"height\":129,\"caption\":\"Weingut & Brennerei Christmann\"},\"image\":{\"@id\":\"https:\\\/\\\/landhaus-christmann.de\\\/pl\\\/#\\\/schema\\\/logo\\\/image\\\/\"},\"sameAs\":[\"https:\\\/\\\/www.facebook.com\\\/WeingutChristmann\",\"https:\\\/\\\/www.instagram.com\\\/wein.landhaus.christmann\\\/\"]}]}<\/script>\n<!-- \/ Yoast SEO plugin. -->","yoast_head_json":{"title":"Spargel Paket - Weingut Christmann","description":"Genie\u00dfen Sie die Spargelsaison in ihrer sch\u00f6nsten Form: Unser sorgf\u00e4ltig zusammengestelltes Weinpaket begleitet feine Spargelgerichte perfekt. Frische, elegante Wei\u00dfweine mit lebendiger S\u00e4ure und zarten Fruchtaromen unterstreichen den mild-nussigen Geschmack des Spargels, ohne ihn zu \u00fcberdecken. Ob klassisch mit Sauce Hollandaise oder leicht mit Butter \u2013 diese Weine sorgen f\u00fcr ein harmonisches Genusserlebnis. Ein echtes Highlight f\u00fcr Fr\u00fchlingsabende und gesellige Momente.","robots":{"index":"index","follow":"follow","max-snippet":"max-snippet:-1","max-image-preview":"max-image-preview:large","max-video-preview":"max-video-preview:-1"},"canonical":"https:\/\/landhaus-christmann.de\/pl\/produkt\/spargel-paket\/","og_locale":"pl_PL","og_type":"article","og_title":"Spargel Paket - Weingut Christmann","og_description":"Genie\u00dfen Sie die Spargelsaison in ihrer sch\u00f6nsten Form: Unser sorgf\u00e4ltig zusammengestelltes Weinpaket begleitet feine Spargelgerichte perfekt. Frische, elegante Wei\u00dfweine mit lebendiger S\u00e4ure und zarten Fruchtaromen unterstreichen den mild-nussigen Geschmack des Spargels, ohne ihn zu \u00fcberdecken. Ob klassisch mit Sauce Hollandaise oder leicht mit Butter \u2013 diese Weine sorgen f\u00fcr ein harmonisches Genusserlebnis. Ein echtes Highlight f\u00fcr Fr\u00fchlingsabende und gesellige Momente.","og_url":"https:\/\/landhaus-christmann.de\/pl\/produkt\/spargel-paket\/","og_site_name":"Weingut Christmann","article_publisher":"https:\/\/www.facebook.com\/WeingutChristmann","article_modified_time":"2026-03-26T07:16:25+00:00","og_image":[{"width":1024,"height":1536,"url":"https:\/\/landhaus-christmann.de\/wp-content\/uploads\/2022\/04\/Spargel_Wein.jpg","type":"image\/jpeg"}],"twitter_card":"summary_large_image","twitter_misc":{"Szacowany czas czytania":"1 minuta"},"schema":{"@context":"https:\/\/schema.org","@graph":[{"@type":"WebPage","@id":"https:\/\/landhaus-christmann.de\/pl\/produkt\/spargel-paket\/","url":"https:\/\/landhaus-christmann.de\/pl\/produkt\/spargel-paket\/","name":"Spargel Paket - Weingut Christmann","isPartOf":{"@id":"https:\/\/landhaus-christmann.de\/pl\/#website"},"primaryImageOfPage":{"@id":"https:\/\/landhaus-christmann.de\/pl\/produkt\/spargel-paket\/#primaryimage"},"image":{"@id":"https:\/\/landhaus-christmann.de\/pl\/produkt\/spargel-paket\/#primaryimage"},"thumbnailUrl":"https:\/\/landhaus-christmann.de\/wp-content\/uploads\/2022\/04\/Spargel_Wein.jpg","datePublished":"2022-04-14T05:36:35+00:00","dateModified":"2026-03-26T07:16:25+00:00","description":"Genie\u00dfen Sie die Spargelsaison in ihrer sch\u00f6nsten Form: Unser sorgf\u00e4ltig zusammengestelltes Weinpaket begleitet feine Spargelgerichte perfekt. Frische, elegante Wei\u00dfweine mit lebendiger S\u00e4ure und zarten Fruchtaromen unterstreichen den mild-nussigen Geschmack des Spargels, ohne ihn zu \u00fcberdecken. Ob klassisch mit Sauce Hollandaise oder leicht mit Butter \u2013 diese Weine sorgen f\u00fcr ein harmonisches Genusserlebnis. Ein echtes Highlight f\u00fcr Fr\u00fchlingsabende und gesellige Momente.","breadcrumb":{"@id":"https:\/\/landhaus-christmann.de\/pl\/produkt\/spargel-paket\/#breadcrumb"},"inLanguage":"pl-PL","potentialAction":[{"@type":"ReadAction","target":["https:\/\/landhaus-christmann.de\/pl\/produkt\/spargel-paket\/"]}]},{"@type":"ImageObject","inLanguage":"pl-PL","@id":"https:\/\/landhaus-christmann.de\/pl\/produkt\/spargel-paket\/#primaryimage","url":"https:\/\/landhaus-christmann.de\/wp-content\/uploads\/2022\/04\/Spargel_Wein.jpg","contentUrl":"https:\/\/landhaus-christmann.de\/wp-content\/uploads\/2022\/04\/Spargel_Wein.jpg","width":1024,"height":1536},{"@type":"BreadcrumbList","@id":"https:\/\/landhaus-christmann.de\/pl\/produkt\/spargel-paket\/#breadcrumb","itemListElement":[{"@type":"ListItem","position":1,"name":"Startseite","item":"https:\/\/landhaus-christmann.de\/pl\/strona-glowna\/"},{"@type":"ListItem","position":2,"name":"Sklep","item":"https:\/\/landhaus-christmann.de\/pl\/sklep\/"},{"@type":"ListItem","position":3,"name":"Spargel Paket"}]},{"@type":"WebSite","@id":"https:\/\/landhaus-christmann.de\/pl\/#website","url":"https:\/\/landhaus-christmann.de\/pl\/","name":"Weingut Christmann","description":"Weingut und Landhaus in St. Martin\/Pfalz","publisher":{"@id":"https:\/\/landhaus-christmann.de\/pl\/#organization"},"potentialAction":[{"@type":"SearchAction","target":{"@type":"EntryPoint","urlTemplate":"https:\/\/landhaus-christmann.de\/pl\/?s={search_term_string}"},"query-input":{"@type":"PropertyValueSpecification","valueRequired":true,"valueName":"search_term_string"}}],"inLanguage":"pl-PL"},{"@type":"Organization","@id":"https:\/\/landhaus-christmann.de\/pl\/#organization","name":"Weingut & Brennerei Christmann","url":"https:\/\/landhaus-christmann.de\/pl\/","logo":{"@type":"ImageObject","inLanguage":"pl-PL","@id":"https:\/\/landhaus-christmann.de\/pl\/#\/schema\/logo\/image\/","url":"https:\/\/landhaus-christmann.de\/wp-content\/uploads\/2021\/02\/christmann_wappen_gold_1x.png","contentUrl":"https:\/\/landhaus-christmann.de\/wp-content\/uploads\/2021\/02\/christmann_wappen_gold_1x.png","width":100,"height":129,"caption":"Weingut & Brennerei Christmann"},"image":{"@id":"https:\/\/landhaus-christmann.de\/pl\/#\/schema\/logo\/image\/"},"sameAs":["https:\/\/www.facebook.com\/WeingutChristmann","https:\/\/www.instagram.com\/wein.landhaus.christmann\/"]}]}},"_links":{"self":[{"href":"https:\/\/landhaus-christmann.de\/pl\/wp-json\/wp\/v2\/product\/1614","targetHints":{"allow":["GET"]}}],"collection":[{"href":"https:\/\/landhaus-christmann.de\/pl\/wp-json\/wp\/v2\/product"}],"about":[{"href":"https:\/\/landhaus-christmann.de\/pl\/wp-json\/wp\/v2\/types\/product"}],"wp:featuredmedia":[{"embeddable":true,"href":"https:\/\/landhaus-christmann.de\/pl\/wp-json\/wp\/v2\/media\/4342"}],"wp:attachment":[{"href":"https:\/\/landhaus-christmann.de\/pl\/wp-json\/wp\/v2\/media?parent=1614"}],"wp:term":[{"taxonomy":"product_brand","embeddable":true,"href":"https:\/\/landhaus-christmann.de\/pl\/wp-json\/wp\/v2\/product_brand?post=1614"},{"taxonomy":"product_cat","embeddable":true,"href":"https:\/\/landhaus-christmann.de\/pl\/wp-json\/wp\/v2\/product_cat?post=1614"},{"taxonomy":"product_tag","embeddable":true,"href":"https:\/\/landhaus-christmann.de\/pl\/wp-json\/wp\/v2\/product_tag?post=1614"}],"curies":[{"name":"wp","href":"https:\/\/api.w.org\/{rel}","templated":true}]}}