{"id":1461,"date":"2022-03-07T09:18:39","date_gmt":"2022-03-07T08:18:39","guid":{"rendered":"https:\/\/landhaus-christmann.de\/?post_type=product&#038;p=1461"},"modified":"2026-03-25T08:58:22","modified_gmt":"2026-03-25T07:58:22","slug":"j-j-rotwein-cuvee-trocken","status":"publish","type":"product","link":"https:\/\/landhaus-christmann.de\/pl\/produkt\/j-j-rotwein-cuvee-trocken\/","title":{"rendered":"J.J. Rotwein Cuv\u00e9e trocken"},"content":{"rendered":"<p data-start=\"108\" data-end=\"142\"><strong data-start=\"108\" data-end=\"140\">J.J. trocken \u2013 Rotwein Cuv\u00e9e<\/strong><\/p>\n<p data-start=\"144\" data-end=\"299\">Ein leichter, unkomplizierter Rotwein f\u00fcr den Alltag. Sanft und harmonisch im Geschmack, \u00fcberzeugt die Cuv\u00e9e mit feiner Fruchtigkeit und milder Struktur.<\/p>\n<p data-start=\"301\" data-end=\"531\">Im Glas zeigt er ein klares Rubinrot, in der Nase leichte Noten von roten Beeren und Kirschen, die den Wein frisch und zug\u00e4nglich machen. Am Gaumen weich, rund und leicht \u2013 perfekt f\u00fcr gesellige Momente oder zu leichten Speisen.<\/p>\n<p data-start=\"533\" data-end=\"643\">Ein idealer Begleiter f\u00fcr jede Gelegenheit, der pur oder leicht gek\u00fchlt genossen, jederzeit Freude bereitet.<\/p>\n","protected":false},"excerpt":{"rendered":"<p>J.J. trocken \u2013 Rotwein Cuv\u00e9e Ein leichter, unkomplizierter Rotwein f\u00fcr <a href=\"https:\/\/landhaus-christmann.de\/pl\/produkt\/j-j-rotwein-cuvee-trocken\/\"> [&#8230;]<\/a><\/p>\n","protected":false},"featured_media":3169,"template":"","meta":{"_price":"8.00","_stock":"","_tribe_ticket_header":"","_tribe_default_ticket_provider":"","_tribe_ticket_capacity":"12","_ticket_start_date":"","_ticket_end_date":"","_tribe_ticket_show_description":"","_tribe_ticket_show_not_going":false,"_tribe_ticket_use_global_stock":"","_tribe_ticket_global_stock_level":"","_global_stock_mode":"","_global_stock_cap":"","_tribe_rsvp_for_event":"","_tribe_ticket_going_count":"","_tribe_ticket_not_going_count":"","_tribe_tickets_list":"[]","_tribe_ticket_has_attendee_info_fields":false},"product_brand":[],"product_cat":[138,322,125],"product_tag":[163,155,268],"class_list":{"0":"post-1461","1":"product","2":"type-product","3":"status-publish","4":"has-post-thumbnail","6":"product_cat-qualitaetswein-rotwein","7":"product_cat-rebenherzweine","8":"product_cat-rotwein","9":"product_tag-cuvee","10":"product_tag-rotwein","11":"product_tag-trocken","13":"first","14":"instock","15":"taxable","16":"shipping-taxable","17":"purchasable","18":"product-type-simple"},"yoast_head":"<!-- This site is optimized with the Yoast SEO plugin v27.5 - https:\/\/yoast.com\/product\/yoast-seo-wordpress\/ -->\n<title>J.J. Rotwein Cuv\u00e9e trocken - Weingut Christmann<\/title>\n<meta name=\"robots\" content=\"index, follow, max-snippet:-1, max-image-preview:large, max-video-preview:-1\" \/>\n<link rel=\"canonical\" href=\"https:\/\/landhaus-christmann.de\/pl\/produkt\/j-j-rotwein-cuvee-trocken\/\" \/>\n<meta property=\"og:locale\" content=\"pl_PL\" \/>\n<meta property=\"og:type\" content=\"article\" \/>\n<meta property=\"og:title\" content=\"J.J. Rotwein Cuv\u00e9e trocken - Weingut Christmann\" \/>\n<meta property=\"og:description\" content=\"J.J. trocken \u2013 Rotwein Cuv\u00e9e Ein leichter, unkomplizierter Rotwein f\u00fcr [...]\" \/>\n<meta property=\"og:url\" content=\"https:\/\/landhaus-christmann.de\/pl\/produkt\/j-j-rotwein-cuvee-trocken\/\" \/>\n<meta property=\"og:site_name\" content=\"Weingut Christmann\" \/>\n<meta property=\"article:publisher\" content=\"https:\/\/www.facebook.com\/WeingutChristmann\" \/>\n<meta property=\"article:modified_time\" content=\"2026-03-25T07:58:22+00:00\" \/>\n<meta property=\"og:image\" content=\"https:\/\/landhaus-christmann.de\/wp-content\/uploads\/2022\/03\/2021-jj-rotwein-cuvee-trocken.jpg\" \/>\n\t<meta property=\"og:image:width\" content=\"1500\" \/>\n\t<meta property=\"og:image:height\" content=\"1500\" \/>\n\t<meta property=\"og:image:type\" content=\"image\/jpeg\" \/>\n<meta name=\"twitter:card\" content=\"summary_large_image\" \/>\n<meta name=\"twitter:label1\" content=\"Szacowany czas czytania\" \/>\n\t<meta name=\"twitter:data1\" content=\"1 minuta\" \/>\n<script type=\"application\/ld+json\" class=\"yoast-schema-graph\">{\"@context\":\"https:\\\/\\\/schema.org\",\"@graph\":[{\"@type\":\"WebPage\",\"@id\":\"https:\\\/\\\/landhaus-christmann.de\\\/pl\\\/produkt\\\/j-j-rotwein-cuvee-trocken\\\/\",\"url\":\"https:\\\/\\\/landhaus-christmann.de\\\/pl\\\/produkt\\\/j-j-rotwein-cuvee-trocken\\\/\",\"name\":\"J.J. Rotwein Cuv\u00e9e trocken - Weingut Christmann\",\"isPartOf\":{\"@id\":\"https:\\\/\\\/landhaus-christmann.de\\\/pl\\\/#website\"},\"primaryImageOfPage\":{\"@id\":\"https:\\\/\\\/landhaus-christmann.de\\\/pl\\\/produkt\\\/j-j-rotwein-cuvee-trocken\\\/#primaryimage\"},\"image\":{\"@id\":\"https:\\\/\\\/landhaus-christmann.de\\\/pl\\\/produkt\\\/j-j-rotwein-cuvee-trocken\\\/#primaryimage\"},\"thumbnailUrl\":\"https:\\\/\\\/landhaus-christmann.de\\\/wp-content\\\/uploads\\\/2022\\\/03\\\/2021-jj-rotwein-cuvee-trocken.jpg\",\"datePublished\":\"2022-03-07T08:18:39+00:00\",\"dateModified\":\"2026-03-25T07:58:22+00:00\",\"breadcrumb\":{\"@id\":\"https:\\\/\\\/landhaus-christmann.de\\\/pl\\\/produkt\\\/j-j-rotwein-cuvee-trocken\\\/#breadcrumb\"},\"inLanguage\":\"pl-PL\",\"potentialAction\":[{\"@type\":\"ReadAction\",\"target\":[\"https:\\\/\\\/landhaus-christmann.de\\\/pl\\\/produkt\\\/j-j-rotwein-cuvee-trocken\\\/\"]}]},{\"@type\":\"ImageObject\",\"inLanguage\":\"pl-PL\",\"@id\":\"https:\\\/\\\/landhaus-christmann.de\\\/pl\\\/produkt\\\/j-j-rotwein-cuvee-trocken\\\/#primaryimage\",\"url\":\"https:\\\/\\\/landhaus-christmann.de\\\/wp-content\\\/uploads\\\/2022\\\/03\\\/2021-jj-rotwein-cuvee-trocken.jpg\",\"contentUrl\":\"https:\\\/\\\/landhaus-christmann.de\\\/wp-content\\\/uploads\\\/2022\\\/03\\\/2021-jj-rotwein-cuvee-trocken.jpg\",\"width\":1500,\"height\":1500},{\"@type\":\"BreadcrumbList\",\"@id\":\"https:\\\/\\\/landhaus-christmann.de\\\/pl\\\/produkt\\\/j-j-rotwein-cuvee-trocken\\\/#breadcrumb\",\"itemListElement\":[{\"@type\":\"ListItem\",\"position\":1,\"name\":\"Startseite\",\"item\":\"https:\\\/\\\/landhaus-christmann.de\\\/pl\\\/strona-glowna\\\/\"},{\"@type\":\"ListItem\",\"position\":2,\"name\":\"Sklep\",\"item\":\"https:\\\/\\\/landhaus-christmann.de\\\/pl\\\/sklep\\\/\"},{\"@type\":\"ListItem\",\"position\":3,\"name\":\"J.J. Rotwein Cuv\u00e9e trocken\"}]},{\"@type\":\"WebSite\",\"@id\":\"https:\\\/\\\/landhaus-christmann.de\\\/pl\\\/#website\",\"url\":\"https:\\\/\\\/landhaus-christmann.de\\\/pl\\\/\",\"name\":\"Weingut Christmann\",\"description\":\"Weingut und Landhaus in St. Martin\\\/Pfalz\",\"publisher\":{\"@id\":\"https:\\\/\\\/landhaus-christmann.de\\\/pl\\\/#organization\"},\"potentialAction\":[{\"@type\":\"SearchAction\",\"target\":{\"@type\":\"EntryPoint\",\"urlTemplate\":\"https:\\\/\\\/landhaus-christmann.de\\\/pl\\\/?s={search_term_string}\"},\"query-input\":{\"@type\":\"PropertyValueSpecification\",\"valueRequired\":true,\"valueName\":\"search_term_string\"}}],\"inLanguage\":\"pl-PL\"},{\"@type\":\"Organization\",\"@id\":\"https:\\\/\\\/landhaus-christmann.de\\\/pl\\\/#organization\",\"name\":\"Weingut & Brennerei Christmann\",\"url\":\"https:\\\/\\\/landhaus-christmann.de\\\/pl\\\/\",\"logo\":{\"@type\":\"ImageObject\",\"inLanguage\":\"pl-PL\",\"@id\":\"https:\\\/\\\/landhaus-christmann.de\\\/pl\\\/#\\\/schema\\\/logo\\\/image\\\/\",\"url\":\"https:\\\/\\\/landhaus-christmann.de\\\/wp-content\\\/uploads\\\/2021\\\/02\\\/christmann_wappen_gold_1x.png\",\"contentUrl\":\"https:\\\/\\\/landhaus-christmann.de\\\/wp-content\\\/uploads\\\/2021\\\/02\\\/christmann_wappen_gold_1x.png\",\"width\":100,\"height\":129,\"caption\":\"Weingut & Brennerei Christmann\"},\"image\":{\"@id\":\"https:\\\/\\\/landhaus-christmann.de\\\/pl\\\/#\\\/schema\\\/logo\\\/image\\\/\"},\"sameAs\":[\"https:\\\/\\\/www.facebook.com\\\/WeingutChristmann\",\"https:\\\/\\\/www.instagram.com\\\/wein.landhaus.christmann\\\/\"]}]}<\/script>\n<!-- \/ Yoast SEO plugin. -->","yoast_head_json":{"title":"J.J. Rotwein Cuv\u00e9e trocken - Weingut Christmann","robots":{"index":"index","follow":"follow","max-snippet":"max-snippet:-1","max-image-preview":"max-image-preview:large","max-video-preview":"max-video-preview:-1"},"canonical":"https:\/\/landhaus-christmann.de\/pl\/produkt\/j-j-rotwein-cuvee-trocken\/","og_locale":"pl_PL","og_type":"article","og_title":"J.J. Rotwein Cuv\u00e9e trocken - Weingut Christmann","og_description":"J.J. trocken \u2013 Rotwein Cuv\u00e9e Ein leichter, unkomplizierter Rotwein f\u00fcr [...]","og_url":"https:\/\/landhaus-christmann.de\/pl\/produkt\/j-j-rotwein-cuvee-trocken\/","og_site_name":"Weingut Christmann","article_publisher":"https:\/\/www.facebook.com\/WeingutChristmann","article_modified_time":"2026-03-25T07:58:22+00:00","og_image":[{"width":1500,"height":1500,"url":"https:\/\/landhaus-christmann.de\/wp-content\/uploads\/2022\/03\/2021-jj-rotwein-cuvee-trocken.jpg","type":"image\/jpeg"}],"twitter_card":"summary_large_image","twitter_misc":{"Szacowany czas czytania":"1 minuta"},"schema":{"@context":"https:\/\/schema.org","@graph":[{"@type":"WebPage","@id":"https:\/\/landhaus-christmann.de\/pl\/produkt\/j-j-rotwein-cuvee-trocken\/","url":"https:\/\/landhaus-christmann.de\/pl\/produkt\/j-j-rotwein-cuvee-trocken\/","name":"J.J. Rotwein Cuv\u00e9e trocken - Weingut Christmann","isPartOf":{"@id":"https:\/\/landhaus-christmann.de\/pl\/#website"},"primaryImageOfPage":{"@id":"https:\/\/landhaus-christmann.de\/pl\/produkt\/j-j-rotwein-cuvee-trocken\/#primaryimage"},"image":{"@id":"https:\/\/landhaus-christmann.de\/pl\/produkt\/j-j-rotwein-cuvee-trocken\/#primaryimage"},"thumbnailUrl":"https:\/\/landhaus-christmann.de\/wp-content\/uploads\/2022\/03\/2021-jj-rotwein-cuvee-trocken.jpg","datePublished":"2022-03-07T08:18:39+00:00","dateModified":"2026-03-25T07:58:22+00:00","breadcrumb":{"@id":"https:\/\/landhaus-christmann.de\/pl\/produkt\/j-j-rotwein-cuvee-trocken\/#breadcrumb"},"inLanguage":"pl-PL","potentialAction":[{"@type":"ReadAction","target":["https:\/\/landhaus-christmann.de\/pl\/produkt\/j-j-rotwein-cuvee-trocken\/"]}]},{"@type":"ImageObject","inLanguage":"pl-PL","@id":"https:\/\/landhaus-christmann.de\/pl\/produkt\/j-j-rotwein-cuvee-trocken\/#primaryimage","url":"https:\/\/landhaus-christmann.de\/wp-content\/uploads\/2022\/03\/2021-jj-rotwein-cuvee-trocken.jpg","contentUrl":"https:\/\/landhaus-christmann.de\/wp-content\/uploads\/2022\/03\/2021-jj-rotwein-cuvee-trocken.jpg","width":1500,"height":1500},{"@type":"BreadcrumbList","@id":"https:\/\/landhaus-christmann.de\/pl\/produkt\/j-j-rotwein-cuvee-trocken\/#breadcrumb","itemListElement":[{"@type":"ListItem","position":1,"name":"Startseite","item":"https:\/\/landhaus-christmann.de\/pl\/strona-glowna\/"},{"@type":"ListItem","position":2,"name":"Sklep","item":"https:\/\/landhaus-christmann.de\/pl\/sklep\/"},{"@type":"ListItem","position":3,"name":"J.J. Rotwein Cuv\u00e9e trocken"}]},{"@type":"WebSite","@id":"https:\/\/landhaus-christmann.de\/pl\/#website","url":"https:\/\/landhaus-christmann.de\/pl\/","name":"Weingut Christmann","description":"Weingut und Landhaus in St. Martin\/Pfalz","publisher":{"@id":"https:\/\/landhaus-christmann.de\/pl\/#organization"},"potentialAction":[{"@type":"SearchAction","target":{"@type":"EntryPoint","urlTemplate":"https:\/\/landhaus-christmann.de\/pl\/?s={search_term_string}"},"query-input":{"@type":"PropertyValueSpecification","valueRequired":true,"valueName":"search_term_string"}}],"inLanguage":"pl-PL"},{"@type":"Organization","@id":"https:\/\/landhaus-christmann.de\/pl\/#organization","name":"Weingut & Brennerei Christmann","url":"https:\/\/landhaus-christmann.de\/pl\/","logo":{"@type":"ImageObject","inLanguage":"pl-PL","@id":"https:\/\/landhaus-christmann.de\/pl\/#\/schema\/logo\/image\/","url":"https:\/\/landhaus-christmann.de\/wp-content\/uploads\/2021\/02\/christmann_wappen_gold_1x.png","contentUrl":"https:\/\/landhaus-christmann.de\/wp-content\/uploads\/2021\/02\/christmann_wappen_gold_1x.png","width":100,"height":129,"caption":"Weingut & Brennerei Christmann"},"image":{"@id":"https:\/\/landhaus-christmann.de\/pl\/#\/schema\/logo\/image\/"},"sameAs":["https:\/\/www.facebook.com\/WeingutChristmann","https:\/\/www.instagram.com\/wein.landhaus.christmann\/"]}]}},"_links":{"self":[{"href":"https:\/\/landhaus-christmann.de\/pl\/wp-json\/wp\/v2\/product\/1461","targetHints":{"allow":["GET"]}}],"collection":[{"href":"https:\/\/landhaus-christmann.de\/pl\/wp-json\/wp\/v2\/product"}],"about":[{"href":"https:\/\/landhaus-christmann.de\/pl\/wp-json\/wp\/v2\/types\/product"}],"wp:featuredmedia":[{"embeddable":true,"href":"https:\/\/landhaus-christmann.de\/pl\/wp-json\/wp\/v2\/media\/3169"}],"wp:attachment":[{"href":"https:\/\/landhaus-christmann.de\/pl\/wp-json\/wp\/v2\/media?parent=1461"}],"wp:term":[{"taxonomy":"product_brand","embeddable":true,"href":"https:\/\/landhaus-christmann.de\/pl\/wp-json\/wp\/v2\/product_brand?post=1461"},{"taxonomy":"product_cat","embeddable":true,"href":"https:\/\/landhaus-christmann.de\/pl\/wp-json\/wp\/v2\/product_cat?post=1461"},{"taxonomy":"product_tag","embeddable":true,"href":"https:\/\/landhaus-christmann.de\/pl\/wp-json\/wp\/v2\/product_tag?post=1461"}],"curies":[{"name":"wp","href":"https:\/\/api.w.org\/{rel}","templated":true}]}}