{"id":1449,"date":"2022-03-03T06:58:02","date_gmt":"2022-03-03T05:58:02","guid":{"rendered":"https:\/\/landhaus-christmann.de\/?post_type=product&#038;p=1449"},"modified":"2025-09-02T08:02:22","modified_gmt":"2025-09-02T06:02:22","slug":"pinot-blanc-trocken","status":"publish","type":"product","link":"https:\/\/landhaus-christmann.de\/pl\/produkt\/pinot-blanc-trocken\/","title":{"rendered":"Pinot Blanc trocken"},"content":{"rendered":"<p data-start=\"251\" data-end=\"572\"><strong data-start=\"251\" data-end=\"322\">Rebenherzwein Pinot Blanc \u201eBlack Label\u201c \u2013 trocken, spontan vergoren<\/strong><br data-start=\"322\" data-end=\"325\" \/>Dieser charakterstarke Wei\u00dfburgunder aus der Black Label Linie wurde nach franz\u00f6sischem Vorbild im Holzfass spontan vergoren und regelm\u00e4\u00dfig auf der Feinhefe battoniert. So entsteht ein Wein mit besonderer Tiefe, Individualit\u00e4t und Authentizit\u00e4t.<\/p>\n<p data-start=\"574\" data-end=\"795\">Im Glas zeigt er ein brillantes Goldgelb. In der Nase entfalten sich komplexe Aromen von reifer Birne, gelbem Apfel und Zitrusfr\u00fcchten, begleitet von feinen Noten nach Brioche, ger\u00f6steten N\u00fcssen und einem Hauch Vanille.<\/p>\n<p data-start=\"797\" data-end=\"1069\">Am Gaumen wirkt er trocken, cremig und vielschichtig. Die spontane Verg\u00e4rung verleiht ihm eine spannende W\u00fcrze und Eigenst\u00e4ndigkeit, w\u00e4hrend die Battonage ihm F\u00fclle und Schmelz gibt. Die lebendige S\u00e4ure und feine Mineralit\u00e4t tragen zu einem langen, eleganten Finale bei.<\/p>\n<p data-start=\"1071\" data-end=\"1293\"><strong data-start=\"1071\" data-end=\"1085\">Charakter:<\/strong> trocken, spontan vergoren, elegant, cremig, komplex<br data-start=\"1137\" data-end=\"1140\" \/><strong data-start=\"1140\" data-end=\"1155\">Empfehlung:<\/strong> Ein Premium-Wei\u00dfwein f\u00fcr Genie\u00dfer \u2013 perfekt zu feinen Fischgerichten, Meeresfr\u00fcchten, hellem Fleisch oder als Begleiter zu edler K\u00fcche.<\/p>\n","protected":false},"excerpt":{"rendered":"<p>Rebenherzwein Pinot Blanc \u201eBlack Label\u201c \u2013 trocken, spontan vergorenDieser charakterstarke <a href=\"https:\/\/landhaus-christmann.de\/pl\/produkt\/pinot-blanc-trocken\/\"> [&#8230;]<\/a><\/p>\n","protected":false},"featured_media":3193,"template":"","meta":{"_price":"9.00","_stock":"","_tribe_ticket_header":"","_tribe_default_ticket_provider":"","_tribe_ticket_capacity":"18","_ticket_start_date":"","_ticket_end_date":"","_tribe_ticket_show_description":"","_tribe_ticket_show_not_going":false,"_tribe_ticket_use_global_stock":"","_tribe_ticket_global_stock_level":"","_global_stock_mode":"","_global_stock_cap":"","_tribe_rsvp_for_event":"","_tribe_ticket_going_count":"","_tribe_ticket_not_going_count":"","_tribe_tickets_list":"[]","_tribe_ticket_has_attendee_info_fields":false},"product_brand":[],"product_cat":[133,322,123],"product_tag":[269,354,347,307,254],"class_list":{"0":"post-1449","1":"product","2":"type-product","3":"status-publish","4":"has-post-thumbnail","6":"product_cat-editionswein","7":"product_cat-rebenherzweine","8":"product_cat-weisswein","9":"product_tag-holzfass","10":"product_tag-pinot-blanc","11":"product_tag-rebenherzweine","12":"product_tag-spontangaerung","13":"product_tag-weissburgunder","15":"first","16":"instock","17":"taxable","18":"shipping-taxable","19":"purchasable","20":"product-type-simple"},"yoast_head":"<!-- This site is optimized with the Yoast SEO plugin v27.4 - https:\/\/yoast.com\/product\/yoast-seo-wordpress\/ -->\n<title>Pinot Blanc trocken - Weingut Christmann<\/title>\n<meta name=\"description\" content=\"Am Gaumen wirkt er trocken, cremig und vielschichtig. Die spontane Verg\u00e4rung verleiht ihm eine spannende W\u00fcrze und Eigenst\u00e4ndigkeit, w\u00e4hrend die Battonage ihm F\u00fclle und Schmelz gibt.\" \/>\n<meta name=\"robots\" content=\"index, follow, max-snippet:-1, max-image-preview:large, max-video-preview:-1\" \/>\n<link rel=\"canonical\" href=\"https:\/\/landhaus-christmann.de\/pl\/produkt\/pinot-blanc-trocken\/\" \/>\n<meta property=\"og:locale\" content=\"pl_PL\" \/>\n<meta property=\"og:type\" content=\"article\" \/>\n<meta property=\"og:title\" content=\"Pinot Blanc trocken - Weingut Christmann\" \/>\n<meta property=\"og:description\" content=\"Am Gaumen wirkt er trocken, cremig und vielschichtig. Die spontane Verg\u00e4rung verleiht ihm eine spannende W\u00fcrze und Eigenst\u00e4ndigkeit, w\u00e4hrend die Battonage ihm F\u00fclle und Schmelz gibt.\" \/>\n<meta property=\"og:url\" content=\"https:\/\/landhaus-christmann.de\/pl\/produkt\/pinot-blanc-trocken\/\" \/>\n<meta property=\"og:site_name\" content=\"Weingut Christmann\" \/>\n<meta property=\"article:publisher\" content=\"https:\/\/www.facebook.com\/WeingutChristmann\" \/>\n<meta property=\"article:modified_time\" content=\"2025-09-02T06:02:22+00:00\" \/>\n<meta property=\"og:image\" content=\"https:\/\/landhaus-christmann.de\/wp-content\/uploads\/2022\/03\/2021-pinot-blanc-trocken.jpg\" \/>\n\t<meta property=\"og:image:width\" content=\"1500\" \/>\n\t<meta property=\"og:image:height\" content=\"1500\" \/>\n\t<meta property=\"og:image:type\" content=\"image\/jpeg\" \/>\n<meta name=\"twitter:card\" content=\"summary_large_image\" \/>\n<meta name=\"twitter:label1\" content=\"Szacowany czas czytania\" \/>\n\t<meta name=\"twitter:data1\" content=\"1 minuta\" \/>\n<script type=\"application\/ld+json\" class=\"yoast-schema-graph\">{\"@context\":\"https:\\\/\\\/schema.org\",\"@graph\":[{\"@type\":\"WebPage\",\"@id\":\"https:\\\/\\\/landhaus-christmann.de\\\/pl\\\/produkt\\\/pinot-blanc-trocken\\\/\",\"url\":\"https:\\\/\\\/landhaus-christmann.de\\\/pl\\\/produkt\\\/pinot-blanc-trocken\\\/\",\"name\":\"Pinot Blanc trocken - Weingut Christmann\",\"isPartOf\":{\"@id\":\"https:\\\/\\\/landhaus-christmann.de\\\/pl\\\/#website\"},\"primaryImageOfPage\":{\"@id\":\"https:\\\/\\\/landhaus-christmann.de\\\/pl\\\/produkt\\\/pinot-blanc-trocken\\\/#primaryimage\"},\"image\":{\"@id\":\"https:\\\/\\\/landhaus-christmann.de\\\/pl\\\/produkt\\\/pinot-blanc-trocken\\\/#primaryimage\"},\"thumbnailUrl\":\"https:\\\/\\\/landhaus-christmann.de\\\/wp-content\\\/uploads\\\/2022\\\/03\\\/2021-pinot-blanc-trocken.jpg\",\"datePublished\":\"2022-03-03T05:58:02+00:00\",\"dateModified\":\"2025-09-02T06:02:22+00:00\",\"description\":\"Am Gaumen wirkt er trocken, cremig und vielschichtig. Die spontane Verg\u00e4rung verleiht ihm eine spannende W\u00fcrze und Eigenst\u00e4ndigkeit, w\u00e4hrend die Battonage ihm F\u00fclle und Schmelz gibt.\",\"breadcrumb\":{\"@id\":\"https:\\\/\\\/landhaus-christmann.de\\\/pl\\\/produkt\\\/pinot-blanc-trocken\\\/#breadcrumb\"},\"inLanguage\":\"pl-PL\",\"potentialAction\":[{\"@type\":\"ReadAction\",\"target\":[\"https:\\\/\\\/landhaus-christmann.de\\\/pl\\\/produkt\\\/pinot-blanc-trocken\\\/\"]}]},{\"@type\":\"ImageObject\",\"inLanguage\":\"pl-PL\",\"@id\":\"https:\\\/\\\/landhaus-christmann.de\\\/pl\\\/produkt\\\/pinot-blanc-trocken\\\/#primaryimage\",\"url\":\"https:\\\/\\\/landhaus-christmann.de\\\/wp-content\\\/uploads\\\/2022\\\/03\\\/2021-pinot-blanc-trocken.jpg\",\"contentUrl\":\"https:\\\/\\\/landhaus-christmann.de\\\/wp-content\\\/uploads\\\/2022\\\/03\\\/2021-pinot-blanc-trocken.jpg\",\"width\":1500,\"height\":1500},{\"@type\":\"BreadcrumbList\",\"@id\":\"https:\\\/\\\/landhaus-christmann.de\\\/pl\\\/produkt\\\/pinot-blanc-trocken\\\/#breadcrumb\",\"itemListElement\":[{\"@type\":\"ListItem\",\"position\":1,\"name\":\"Startseite\",\"item\":\"https:\\\/\\\/landhaus-christmann.de\\\/pl\\\/strona-glowna\\\/\"},{\"@type\":\"ListItem\",\"position\":2,\"name\":\"Sklep\",\"item\":\"https:\\\/\\\/landhaus-christmann.de\\\/pl\\\/sklep\\\/\"},{\"@type\":\"ListItem\",\"position\":3,\"name\":\"Pinot Blanc trocken\"}]},{\"@type\":\"WebSite\",\"@id\":\"https:\\\/\\\/landhaus-christmann.de\\\/pl\\\/#website\",\"url\":\"https:\\\/\\\/landhaus-christmann.de\\\/pl\\\/\",\"name\":\"Weingut Christmann\",\"description\":\"Weingut und Landhaus in St. Martin\\\/Pfalz\",\"publisher\":{\"@id\":\"https:\\\/\\\/landhaus-christmann.de\\\/pl\\\/#organization\"},\"potentialAction\":[{\"@type\":\"SearchAction\",\"target\":{\"@type\":\"EntryPoint\",\"urlTemplate\":\"https:\\\/\\\/landhaus-christmann.de\\\/pl\\\/?s={search_term_string}\"},\"query-input\":{\"@type\":\"PropertyValueSpecification\",\"valueRequired\":true,\"valueName\":\"search_term_string\"}}],\"inLanguage\":\"pl-PL\"},{\"@type\":\"Organization\",\"@id\":\"https:\\\/\\\/landhaus-christmann.de\\\/pl\\\/#organization\",\"name\":\"Weingut & Brennerei Christmann\",\"url\":\"https:\\\/\\\/landhaus-christmann.de\\\/pl\\\/\",\"logo\":{\"@type\":\"ImageObject\",\"inLanguage\":\"pl-PL\",\"@id\":\"https:\\\/\\\/landhaus-christmann.de\\\/pl\\\/#\\\/schema\\\/logo\\\/image\\\/\",\"url\":\"https:\\\/\\\/landhaus-christmann.de\\\/wp-content\\\/uploads\\\/2021\\\/02\\\/christmann_wappen_gold_1x.png\",\"contentUrl\":\"https:\\\/\\\/landhaus-christmann.de\\\/wp-content\\\/uploads\\\/2021\\\/02\\\/christmann_wappen_gold_1x.png\",\"width\":100,\"height\":129,\"caption\":\"Weingut & Brennerei Christmann\"},\"image\":{\"@id\":\"https:\\\/\\\/landhaus-christmann.de\\\/pl\\\/#\\\/schema\\\/logo\\\/image\\\/\"},\"sameAs\":[\"https:\\\/\\\/www.facebook.com\\\/WeingutChristmann\",\"https:\\\/\\\/www.instagram.com\\\/wein.landhaus.christmann\\\/\"]}]}<\/script>\n<!-- \/ Yoast SEO plugin. -->","yoast_head_json":{"title":"Pinot Blanc trocken - Weingut Christmann","description":"Am Gaumen wirkt er trocken, cremig und vielschichtig. Die spontane Verg\u00e4rung verleiht ihm eine spannende W\u00fcrze und Eigenst\u00e4ndigkeit, w\u00e4hrend die Battonage ihm F\u00fclle und Schmelz gibt.","robots":{"index":"index","follow":"follow","max-snippet":"max-snippet:-1","max-image-preview":"max-image-preview:large","max-video-preview":"max-video-preview:-1"},"canonical":"https:\/\/landhaus-christmann.de\/pl\/produkt\/pinot-blanc-trocken\/","og_locale":"pl_PL","og_type":"article","og_title":"Pinot Blanc trocken - Weingut Christmann","og_description":"Am Gaumen wirkt er trocken, cremig und vielschichtig. Die spontane Verg\u00e4rung verleiht ihm eine spannende W\u00fcrze und Eigenst\u00e4ndigkeit, w\u00e4hrend die Battonage ihm F\u00fclle und Schmelz gibt.","og_url":"https:\/\/landhaus-christmann.de\/pl\/produkt\/pinot-blanc-trocken\/","og_site_name":"Weingut Christmann","article_publisher":"https:\/\/www.facebook.com\/WeingutChristmann","article_modified_time":"2025-09-02T06:02:22+00:00","og_image":[{"width":1500,"height":1500,"url":"https:\/\/landhaus-christmann.de\/wp-content\/uploads\/2022\/03\/2021-pinot-blanc-trocken.jpg","type":"image\/jpeg"}],"twitter_card":"summary_large_image","twitter_misc":{"Szacowany czas czytania":"1 minuta"},"schema":{"@context":"https:\/\/schema.org","@graph":[{"@type":"WebPage","@id":"https:\/\/landhaus-christmann.de\/pl\/produkt\/pinot-blanc-trocken\/","url":"https:\/\/landhaus-christmann.de\/pl\/produkt\/pinot-blanc-trocken\/","name":"Pinot Blanc trocken - Weingut Christmann","isPartOf":{"@id":"https:\/\/landhaus-christmann.de\/pl\/#website"},"primaryImageOfPage":{"@id":"https:\/\/landhaus-christmann.de\/pl\/produkt\/pinot-blanc-trocken\/#primaryimage"},"image":{"@id":"https:\/\/landhaus-christmann.de\/pl\/produkt\/pinot-blanc-trocken\/#primaryimage"},"thumbnailUrl":"https:\/\/landhaus-christmann.de\/wp-content\/uploads\/2022\/03\/2021-pinot-blanc-trocken.jpg","datePublished":"2022-03-03T05:58:02+00:00","dateModified":"2025-09-02T06:02:22+00:00","description":"Am Gaumen wirkt er trocken, cremig und vielschichtig. Die spontane Verg\u00e4rung verleiht ihm eine spannende W\u00fcrze und Eigenst\u00e4ndigkeit, w\u00e4hrend die Battonage ihm F\u00fclle und Schmelz gibt.","breadcrumb":{"@id":"https:\/\/landhaus-christmann.de\/pl\/produkt\/pinot-blanc-trocken\/#breadcrumb"},"inLanguage":"pl-PL","potentialAction":[{"@type":"ReadAction","target":["https:\/\/landhaus-christmann.de\/pl\/produkt\/pinot-blanc-trocken\/"]}]},{"@type":"ImageObject","inLanguage":"pl-PL","@id":"https:\/\/landhaus-christmann.de\/pl\/produkt\/pinot-blanc-trocken\/#primaryimage","url":"https:\/\/landhaus-christmann.de\/wp-content\/uploads\/2022\/03\/2021-pinot-blanc-trocken.jpg","contentUrl":"https:\/\/landhaus-christmann.de\/wp-content\/uploads\/2022\/03\/2021-pinot-blanc-trocken.jpg","width":1500,"height":1500},{"@type":"BreadcrumbList","@id":"https:\/\/landhaus-christmann.de\/pl\/produkt\/pinot-blanc-trocken\/#breadcrumb","itemListElement":[{"@type":"ListItem","position":1,"name":"Startseite","item":"https:\/\/landhaus-christmann.de\/pl\/strona-glowna\/"},{"@type":"ListItem","position":2,"name":"Sklep","item":"https:\/\/landhaus-christmann.de\/pl\/sklep\/"},{"@type":"ListItem","position":3,"name":"Pinot Blanc trocken"}]},{"@type":"WebSite","@id":"https:\/\/landhaus-christmann.de\/pl\/#website","url":"https:\/\/landhaus-christmann.de\/pl\/","name":"Weingut Christmann","description":"Weingut und Landhaus in St. Martin\/Pfalz","publisher":{"@id":"https:\/\/landhaus-christmann.de\/pl\/#organization"},"potentialAction":[{"@type":"SearchAction","target":{"@type":"EntryPoint","urlTemplate":"https:\/\/landhaus-christmann.de\/pl\/?s={search_term_string}"},"query-input":{"@type":"PropertyValueSpecification","valueRequired":true,"valueName":"search_term_string"}}],"inLanguage":"pl-PL"},{"@type":"Organization","@id":"https:\/\/landhaus-christmann.de\/pl\/#organization","name":"Weingut & Brennerei Christmann","url":"https:\/\/landhaus-christmann.de\/pl\/","logo":{"@type":"ImageObject","inLanguage":"pl-PL","@id":"https:\/\/landhaus-christmann.de\/pl\/#\/schema\/logo\/image\/","url":"https:\/\/landhaus-christmann.de\/wp-content\/uploads\/2021\/02\/christmann_wappen_gold_1x.png","contentUrl":"https:\/\/landhaus-christmann.de\/wp-content\/uploads\/2021\/02\/christmann_wappen_gold_1x.png","width":100,"height":129,"caption":"Weingut & Brennerei Christmann"},"image":{"@id":"https:\/\/landhaus-christmann.de\/pl\/#\/schema\/logo\/image\/"},"sameAs":["https:\/\/www.facebook.com\/WeingutChristmann","https:\/\/www.instagram.com\/wein.landhaus.christmann\/"]}]}},"_links":{"self":[{"href":"https:\/\/landhaus-christmann.de\/pl\/wp-json\/wp\/v2\/product\/1449","targetHints":{"allow":["GET"]}}],"collection":[{"href":"https:\/\/landhaus-christmann.de\/pl\/wp-json\/wp\/v2\/product"}],"about":[{"href":"https:\/\/landhaus-christmann.de\/pl\/wp-json\/wp\/v2\/types\/product"}],"wp:featuredmedia":[{"embeddable":true,"href":"https:\/\/landhaus-christmann.de\/pl\/wp-json\/wp\/v2\/media\/3193"}],"wp:attachment":[{"href":"https:\/\/landhaus-christmann.de\/pl\/wp-json\/wp\/v2\/media?parent=1449"}],"wp:term":[{"taxonomy":"product_brand","embeddable":true,"href":"https:\/\/landhaus-christmann.de\/pl\/wp-json\/wp\/v2\/product_brand?post=1449"},{"taxonomy":"product_cat","embeddable":true,"href":"https:\/\/landhaus-christmann.de\/pl\/wp-json\/wp\/v2\/product_cat?post=1449"},{"taxonomy":"product_tag","embeddable":true,"href":"https:\/\/landhaus-christmann.de\/pl\/wp-json\/wp\/v2\/product_tag?post=1449"}],"curies":[{"name":"wp","href":"https:\/\/api.w.org\/{rel}","templated":true}]}}