{"id":2728,"date":"2023-04-13T16:22:16","date_gmt":"2023-04-13T14:22:16","guid":{"rendered":"https:\/\/landhaus-christmann.de\/kontakt\/"},"modified":"2023-05-09T06:49:12","modified_gmt":"2023-05-09T04:49:12","slug":"kontakt","status":"publish","type":"page","link":"https:\/\/landhaus-christmann.de\/pl\/kontakt\/","title":{"rendered":"Kontakt"},"content":{"rendered":"<div class=\"fusion-fullwidth fullwidth-box fusion-builder-row-1 fusion-flex-container hundred-percent-fullwidth non-hundred-percent-height-scrolling\" style=\"--awb-border-radius-top-left:0px;--awb-border-radius-top-right:0px;--awb-border-radius-bottom-right:0px;--awb-border-radius-bottom-left:0px;--awb-flex-wrap:wrap;\" ><div class=\"fusion-builder-row fusion-row fusion-flex-align-items-flex-start fusion-flex-content-wrap\" style=\"width:104% !important;max-width:104% !important;margin-left: calc(-4% \/ 2 );margin-right: calc(-4% \/ 2 );\"><div class=\"fusion-layout-column fusion_builder_column fusion-builder-column-0 fusion_builder_column_1_2 1_2 fusion-flex-column\" style=\"--awb-bg-size:cover;--awb-width-large:50%;--awb-margin-top-large:0px;--awb-spacing-right-large:3.84%;--awb-margin-bottom-large:20px;--awb-spacing-left-large:3.84%;--awb-width-medium:50%;--awb-order-medium:0;--awb-spacing-right-medium:3.84%;--awb-spacing-left-medium:3.84%;--awb-width-small:100%;--awb-order-small:0;--awb-spacing-right-small:1.92%;--awb-spacing-left-small:1.92%;\"><div class=\"fusion-column-wrapper fusion-column-has-shadow fusion-flex-justify-content-flex-start fusion-content-layout-column\"><div class=\"fusion-title title fusion-title-1 fusion-sep-none fusion-title-text fusion-title-size-one title-uppercase\" style=\"--awb-margin-bottom:0px;\"><h1 class=\"fusion-title-heading title-heading-left\" style=\"margin:0;\">Weingut &amp; Brennerei Christmann<\/h1><\/div><ul style=\"--awb-line-height:27.2px;--awb-icon-width:27.2px;--awb-icon-height:27.2px;--awb-icon-margin:11.2px;--awb-content-margin:38.4px;\" class=\"fusion-checklist fusion-checklist-1 fusion-checklist-default type-icons inhaber-in\"><li class=\"fusion-li-item\" style=\"\"><span class=\"icon-wrapper circle-no\"><i class=\"fusion-li-icon fa-user fas\" aria-hidden=\"true\"><\/i><\/span><div class=\"fusion-li-item-content\">\n<p>W\u0142a\u015bciciel: Philipp Christmann<\/p>\n<\/div><\/li><\/ul><div class=\"fusion-title title fusion-title-2 fusion-sep-none fusion-title-text fusion-title-size-one title-uppercase\" style=\"--awb-margin-bottom:0px;\"><h1 class=\"fusion-title-heading title-heading-left\" style=\"margin:0;\">Landhaus Christmann<\/h1><\/div><ul style=\"--awb-line-height:27.2px;--awb-icon-width:27.2px;--awb-icon-height:27.2px;--awb-icon-margin:11.2px;--awb-content-margin:38.4px;\" class=\"fusion-checklist fusion-checklist-2 fusion-checklist-default type-icons inhaber-in\"><li class=\"fusion-li-item\" style=\"\"><span class=\"icon-wrapper circle-no\"><i class=\"fusion-li-icon fa-user fas\" aria-hidden=\"true\"><\/i><\/span><div class=\"fusion-li-item-content\">\n<p>W\u0142a\u015bciciel: Christine Christmann<\/p>\n<\/div><\/li><\/ul><div class=\"fusion-title title fusion-title-3 fusion-sep-none fusion-title-text fusion-title-size-one title-uppercase\" style=\"--awb-margin-bottom:0px;\"><h1 class=\"fusion-title-heading title-heading-left\" style=\"margin:0;\">Dane kontaktowe<\/h1><\/div><ul style=\"--awb-line-height:27.2px;--awb-icon-width:27.2px;--awb-icon-height:27.2px;--awb-icon-margin:11.2px;--awb-content-margin:38.4px;\" class=\"fusion-checklist fusion-checklist-3 fusion-checklist-default type-icons\"><li class=\"fusion-li-item\" style=\"\"><span class=\"icon-wrapper circle-no\"><i class=\"fusion-li-icon fa-map-marker-alt fas\" aria-hidden=\"true\"><\/i><\/span><div class=\"fusion-li-item-content\">\n<p>Riedweg 1<br \/>\n67487 Sankt Martin \/ Palatynat<\/p>\n<\/div><\/li><li class=\"fusion-li-item\" style=\"\"><span class=\"icon-wrapper circle-no\"><i class=\"fusion-li-icon fa-phone fas\" aria-hidden=\"true\"><\/i><\/span><div class=\"fusion-li-item-content\">\n<p><a href=\"tel:+49632394270\">+49 (0) 6323 9427 &#8211; 0<\/a><\/p>\n<\/div><\/li><li class=\"fusion-li-item\" style=\"\"><span class=\"icon-wrapper circle-no\"><i class=\"fusion-li-icon fa-fax fas\" aria-hidden=\"true\"><\/i><\/span><div class=\"fusion-li-item-content\">\n<p>+49 (0) 6323 9427 &#8211; 27<\/p>\n<\/div><\/li><li class=\"fusion-li-item\" style=\"\"><span class=\"icon-wrapper circle-no\"><i class=\"fusion-li-icon fa-envelope fas\" aria-hidden=\"true\"><\/i><\/span><div class=\"fusion-li-item-content\">\n<p><a href=\"mailto:info@landhaus-christmann.de\">info@landhaus-christmann.de<\/a><\/p>\n<\/div><\/li><\/ul><div class=\"fusion-title title fusion-title-4 fusion-sep-none fusion-title-text fusion-title-size-four\" style=\"--awb-margin-top:25px;--awb-margin-bottom:0px;\"><h4 class=\"fusion-title-heading title-heading-left\" style=\"margin:0;\">Odwied\u017a nas na mediach spo\u0142eczno\u015bciowych!<\/h4><\/div><ul style=\"--awb-line-height:27.2px;--awb-icon-width:27.2px;--awb-icon-height:27.2px;--awb-icon-margin:11.2px;--awb-content-margin:38.4px;\" class=\"fusion-checklist fusion-checklist-4 fusion-checklist-default type-icons\"><li class=\"fusion-li-item\" style=\"\"><span class=\"icon-wrapper circle-no\"><i class=\"fusion-li-icon fa-instagram fab\" aria-hidden=\"true\"><\/i><\/span><div class=\"fusion-li-item-content\">\n<p>wein.landhaus.christmann<\/p>\n<\/div><\/li><li class=\"fusion-li-item\" style=\"\"><span class=\"icon-wrapper circle-no\"><i class=\"fusion-li-icon fa-facebook-square fab\" aria-hidden=\"true\"><\/i><\/span><div class=\"fusion-li-item-content\">\n<p>WeingutChristmann<\/p>\n<\/div><\/li><\/ul><\/div><\/div><div class=\"fusion-layout-column fusion_builder_column fusion-builder-column-1 fusion_builder_column_1_2 1_2 fusion-flex-column\" style=\"--awb-bg-size:cover;--awb-width-large:50%;--awb-margin-top-large:0px;--awb-spacing-right-large:3.84%;--awb-margin-bottom-large:20px;--awb-spacing-left-large:3.84%;--awb-width-medium:50%;--awb-order-medium:0;--awb-spacing-right-medium:3.84%;--awb-spacing-left-medium:3.84%;--awb-width-small:100%;--awb-order-small:0;--awb-spacing-right-small:1.92%;--awb-spacing-left-small:1.92%;\"><div class=\"fusion-column-wrapper fusion-column-has-shadow fusion-flex-justify-content-flex-start fusion-content-layout-column\"><div class=\"fusion-title title fusion-title-5 fusion-sep-none fusion-title-text fusion-title-size-one title-uppercase\"><h1 class=\"fusion-title-heading title-heading-left\" style=\"margin:0;\">Skontaktuj si\u0119 z nami!<\/h1><\/div><\/div><\/div><\/div><\/div>\n","protected":false},"excerpt":{"rendered":"","protected":false},"author":1,"featured_media":0,"parent":0,"menu_order":0,"comment_status":"closed","ping_status":"closed","template":"","meta":{"_price":"","_stock":"","_tribe_ticket_header":"","_tribe_default_ticket_provider":"","_tribe_ticket_capacity":"0","_ticket_start_date":"","_ticket_end_date":"","_tribe_ticket_show_description":"","_tribe_ticket_show_not_going":false,"_tribe_ticket_use_global_stock":"","_tribe_ticket_global_stock_level":"","_global_stock_mode":"","_global_stock_cap":"","_tribe_rsvp_for_event":"","_tribe_ticket_going_count":"","_tribe_ticket_not_going_count":"","_tribe_tickets_list":"[]","_tribe_ticket_has_attendee_info_fields":false,"footnotes":"","_tec_slr_enabled":"","_tec_slr_layout":""},"class_list":["post-2728","page","type-page","status-publish","hentry"],"yoast_head":"<!-- This site is optimized with the Yoast SEO plugin v27.4 - https:\/\/yoast.com\/product\/yoast-seo-wordpress\/ -->\n<title>Kontakt - Weingut Christmann<\/title>\n<meta name=\"robots\" content=\"index, follow, max-snippet:-1, max-image-preview:large, max-video-preview:-1\" \/>\n<link rel=\"canonical\" href=\"https:\/\/landhaus-christmann.de\/pl\/kontakt\/\" \/>\n<meta property=\"og:locale\" content=\"pl_PL\" \/>\n<meta property=\"og:type\" content=\"article\" \/>\n<meta property=\"og:title\" content=\"Kontakt - Weingut Christmann\" \/>\n<meta property=\"og:url\" content=\"https:\/\/landhaus-christmann.de\/pl\/kontakt\/\" \/>\n<meta property=\"og:site_name\" content=\"Weingut Christmann\" \/>\n<meta property=\"article:publisher\" content=\"https:\/\/www.facebook.com\/WeingutChristmann\" \/>\n<meta property=\"article:modified_time\" content=\"2023-05-09T04:49:12+00:00\" \/>\n<meta name=\"twitter:card\" content=\"summary_large_image\" \/>\n<meta name=\"twitter:label1\" content=\"Szacowany czas czytania\" \/>\n\t<meta name=\"twitter:data1\" content=\"8 minut\" \/>\n<script type=\"application\/ld+json\" class=\"yoast-schema-graph\">{\"@context\":\"https:\\\/\\\/schema.org\",\"@graph\":[{\"@type\":\"WebPage\",\"@id\":\"https:\\\/\\\/landhaus-christmann.de\\\/pl\\\/kontakt\\\/\",\"url\":\"https:\\\/\\\/landhaus-christmann.de\\\/pl\\\/kontakt\\\/\",\"name\":\"Kontakt - Weingut Christmann\",\"isPartOf\":{\"@id\":\"https:\\\/\\\/landhaus-christmann.de\\\/pl\\\/#website\"},\"datePublished\":\"2023-04-13T14:22:16+00:00\",\"dateModified\":\"2023-05-09T04:49:12+00:00\",\"breadcrumb\":{\"@id\":\"https:\\\/\\\/landhaus-christmann.de\\\/pl\\\/kontakt\\\/#breadcrumb\"},\"inLanguage\":\"pl-PL\",\"potentialAction\":[{\"@type\":\"ReadAction\",\"target\":[\"https:\\\/\\\/landhaus-christmann.de\\\/pl\\\/kontakt\\\/\"]}]},{\"@type\":\"BreadcrumbList\",\"@id\":\"https:\\\/\\\/landhaus-christmann.de\\\/pl\\\/kontakt\\\/#breadcrumb\",\"itemListElement\":[{\"@type\":\"ListItem\",\"position\":1,\"name\":\"Startseite\",\"item\":\"https:\\\/\\\/landhaus-christmann.de\\\/pl\\\/strona-glowna\\\/\"},{\"@type\":\"ListItem\",\"position\":2,\"name\":\"Kontakt\"}]},{\"@type\":\"WebSite\",\"@id\":\"https:\\\/\\\/landhaus-christmann.de\\\/pl\\\/#website\",\"url\":\"https:\\\/\\\/landhaus-christmann.de\\\/pl\\\/\",\"name\":\"Weingut Christmann\",\"description\":\"Weingut und Landhaus in St. Martin\\\/Pfalz\",\"publisher\":{\"@id\":\"https:\\\/\\\/landhaus-christmann.de\\\/pl\\\/#organization\"},\"potentialAction\":[{\"@type\":\"SearchAction\",\"target\":{\"@type\":\"EntryPoint\",\"urlTemplate\":\"https:\\\/\\\/landhaus-christmann.de\\\/pl\\\/?s={search_term_string}\"},\"query-input\":{\"@type\":\"PropertyValueSpecification\",\"valueRequired\":true,\"valueName\":\"search_term_string\"}}],\"inLanguage\":\"pl-PL\"},{\"@type\":\"Organization\",\"@id\":\"https:\\\/\\\/landhaus-christmann.de\\\/pl\\\/#organization\",\"name\":\"Weingut & Brennerei Christmann\",\"url\":\"https:\\\/\\\/landhaus-christmann.de\\\/pl\\\/\",\"logo\":{\"@type\":\"ImageObject\",\"inLanguage\":\"pl-PL\",\"@id\":\"https:\\\/\\\/landhaus-christmann.de\\\/pl\\\/#\\\/schema\\\/logo\\\/image\\\/\",\"url\":\"https:\\\/\\\/landhaus-christmann.de\\\/wp-content\\\/uploads\\\/2021\\\/02\\\/christmann_wappen_gold_1x.png\",\"contentUrl\":\"https:\\\/\\\/landhaus-christmann.de\\\/wp-content\\\/uploads\\\/2021\\\/02\\\/christmann_wappen_gold_1x.png\",\"width\":100,\"height\":129,\"caption\":\"Weingut & Brennerei Christmann\"},\"image\":{\"@id\":\"https:\\\/\\\/landhaus-christmann.de\\\/pl\\\/#\\\/schema\\\/logo\\\/image\\\/\"},\"sameAs\":[\"https:\\\/\\\/www.facebook.com\\\/WeingutChristmann\",\"https:\\\/\\\/www.instagram.com\\\/wein.landhaus.christmann\\\/\"]}]}<\/script>\n<!-- \/ Yoast SEO plugin. -->","yoast_head_json":{"title":"Kontakt - Weingut Christmann","robots":{"index":"index","follow":"follow","max-snippet":"max-snippet:-1","max-image-preview":"max-image-preview:large","max-video-preview":"max-video-preview:-1"},"canonical":"https:\/\/landhaus-christmann.de\/pl\/kontakt\/","og_locale":"pl_PL","og_type":"article","og_title":"Kontakt - Weingut Christmann","og_url":"https:\/\/landhaus-christmann.de\/pl\/kontakt\/","og_site_name":"Weingut Christmann","article_publisher":"https:\/\/www.facebook.com\/WeingutChristmann","article_modified_time":"2023-05-09T04:49:12+00:00","twitter_card":"summary_large_image","twitter_misc":{"Szacowany czas czytania":"8 minut"},"schema":{"@context":"https:\/\/schema.org","@graph":[{"@type":"WebPage","@id":"https:\/\/landhaus-christmann.de\/pl\/kontakt\/","url":"https:\/\/landhaus-christmann.de\/pl\/kontakt\/","name":"Kontakt - Weingut Christmann","isPartOf":{"@id":"https:\/\/landhaus-christmann.de\/pl\/#website"},"datePublished":"2023-04-13T14:22:16+00:00","dateModified":"2023-05-09T04:49:12+00:00","breadcrumb":{"@id":"https:\/\/landhaus-christmann.de\/pl\/kontakt\/#breadcrumb"},"inLanguage":"pl-PL","potentialAction":[{"@type":"ReadAction","target":["https:\/\/landhaus-christmann.de\/pl\/kontakt\/"]}]},{"@type":"BreadcrumbList","@id":"https:\/\/landhaus-christmann.de\/pl\/kontakt\/#breadcrumb","itemListElement":[{"@type":"ListItem","position":1,"name":"Startseite","item":"https:\/\/landhaus-christmann.de\/pl\/strona-glowna\/"},{"@type":"ListItem","position":2,"name":"Kontakt"}]},{"@type":"WebSite","@id":"https:\/\/landhaus-christmann.de\/pl\/#website","url":"https:\/\/landhaus-christmann.de\/pl\/","name":"Weingut Christmann","description":"Weingut und Landhaus in St. Martin\/Pfalz","publisher":{"@id":"https:\/\/landhaus-christmann.de\/pl\/#organization"},"potentialAction":[{"@type":"SearchAction","target":{"@type":"EntryPoint","urlTemplate":"https:\/\/landhaus-christmann.de\/pl\/?s={search_term_string}"},"query-input":{"@type":"PropertyValueSpecification","valueRequired":true,"valueName":"search_term_string"}}],"inLanguage":"pl-PL"},{"@type":"Organization","@id":"https:\/\/landhaus-christmann.de\/pl\/#organization","name":"Weingut & Brennerei Christmann","url":"https:\/\/landhaus-christmann.de\/pl\/","logo":{"@type":"ImageObject","inLanguage":"pl-PL","@id":"https:\/\/landhaus-christmann.de\/pl\/#\/schema\/logo\/image\/","url":"https:\/\/landhaus-christmann.de\/wp-content\/uploads\/2021\/02\/christmann_wappen_gold_1x.png","contentUrl":"https:\/\/landhaus-christmann.de\/wp-content\/uploads\/2021\/02\/christmann_wappen_gold_1x.png","width":100,"height":129,"caption":"Weingut & Brennerei Christmann"},"image":{"@id":"https:\/\/landhaus-christmann.de\/pl\/#\/schema\/logo\/image\/"},"sameAs":["https:\/\/www.facebook.com\/WeingutChristmann","https:\/\/www.instagram.com\/wein.landhaus.christmann\/"]}]}},"ticketed":false,"_links":{"self":[{"href":"https:\/\/landhaus-christmann.de\/pl\/wp-json\/wp\/v2\/pages\/2728","targetHints":{"allow":["GET"]}}],"collection":[{"href":"https:\/\/landhaus-christmann.de\/pl\/wp-json\/wp\/v2\/pages"}],"about":[{"href":"https:\/\/landhaus-christmann.de\/pl\/wp-json\/wp\/v2\/types\/page"}],"author":[{"embeddable":true,"href":"https:\/\/landhaus-christmann.de\/pl\/wp-json\/wp\/v2\/users\/1"}],"replies":[{"embeddable":true,"href":"https:\/\/landhaus-christmann.de\/pl\/wp-json\/wp\/v2\/comments?post=2728"}],"version-history":[{"count":9,"href":"https:\/\/landhaus-christmann.de\/pl\/wp-json\/wp\/v2\/pages\/2728\/revisions"}],"predecessor-version":[{"id":2909,"href":"https:\/\/landhaus-christmann.de\/pl\/wp-json\/wp\/v2\/pages\/2728\/revisions\/2909"}],"wp:attachment":[{"href":"https:\/\/landhaus-christmann.de\/pl\/wp-json\/wp\/v2\/media?parent=2728"}],"curies":[{"name":"wp","href":"https:\/\/api.w.org\/{rel}","templated":true}]}}