{"id":2685,"date":"2023-04-13T15:39:35","date_gmt":"2023-04-13T13:39:35","guid":{"rendered":"https:\/\/landhaus-christmann.de\/lista-win\/"},"modified":"2026-04-03T10:56:46","modified_gmt":"2026-04-03T08:56:46","slug":"lista-win","status":"publish","type":"page","link":"https:\/\/landhaus-christmann.de\/pl\/winiarnia\/lista-win\/","title":{"rendered":"Lista win"},"content":{"rendered":"<div class=\"fusion-fullwidth fullwidth-box fusion-builder-row-1 fusion-flex-container nonhundred-percent-fullwidth non-hundred-percent-height-scrolling\" style=\"--awb-border-radius-top-left:0px;--awb-border-radius-top-right:0px;--awb-border-radius-bottom-right:0px;--awb-border-radius-bottom-left:0px;--awb-flex-wrap:wrap;\" ><div class=\"fusion-builder-row fusion-row fusion-flex-align-items-flex-start fusion-flex-content-wrap\" style=\"max-width:1248px;margin-left: calc(-4% \/ 2 );margin-right: calc(-4% \/ 2 );\"><div class=\"fusion-layout-column fusion_builder_column fusion-builder-column-0 fusion_builder_column_1_1 1_1 fusion-flex-column\" style=\"--awb-bg-size:cover;--awb-width-large:100%;--awb-margin-top-large:0px;--awb-spacing-right-large:1.92%;--awb-margin-bottom-large:0px;--awb-spacing-left-large:1.92%;--awb-width-medium:100%;--awb-spacing-right-medium:1.92%;--awb-spacing-left-medium:1.92%;--awb-width-small:100%;--awb-spacing-right-small:1.92%;--awb-spacing-left-small:1.92%;\"><div class=\"fusion-column-wrapper fusion-flex-justify-content-flex-start fusion-content-layout-column\"><div class=\"fusion-text fusion-text-1\"><h1>Nasza oferta win i alkoholi mocnych<\/h1>\n<p>Pobierz nasz\u0105 aktualn\u0105 list\u0119 win z warto\u015bciami analitycznymi tutaj &#8211; lub przegl\u0105daj bezpo\u015brednio w naszym sklepie!<\/p>\n<\/div><div class=\"fusion-text fusion-text-2\"><ul>\n<li><span style=\"color: #ff0000;\"><strong><a style=\"color: #ff0000;\" href=\"https:\/\/landhaus-christmann.de\/wp-content\/uploads\/2026\/04\/WEB_Liste_April_2026-1.pdf\">WEB Liste April 2026<\/a><\/strong><\/span><\/li>\n<li>Z gospodarstwa otrzymujesz zni\u017ck\u0119 w wysoko\u015bci 0,50 \u20ac za butelk\u0119<\/li>\n<li>Jeste\u015b sprzedawc\u0105 wina, wy\u015blij nam zapytanie poprzez nasz formularz kontaktowy<\/li>\n<\/ul>\n<\/div><\/div><\/div><\/div><\/div>\n","protected":false},"excerpt":{"rendered":"","protected":false},"author":2,"featured_media":0,"parent":2719,"menu_order":0,"comment_status":"closed","ping_status":"closed","template":"","meta":{"_price":"","_stock":"","_tribe_ticket_header":"","_tribe_default_ticket_provider":"TEC\\Tickets\\Commerce\\Module","_tribe_ticket_capacity":"0","_ticket_start_date":"","_ticket_end_date":"","_tribe_ticket_show_description":"","_tribe_ticket_show_not_going":false,"_tribe_ticket_use_global_stock":"","_tribe_ticket_global_stock_level":"","_global_stock_mode":"","_global_stock_cap":"","_tribe_rsvp_for_event":"","_tribe_ticket_going_count":"","_tribe_ticket_not_going_count":"","_tribe_tickets_list":"[]","_tribe_ticket_has_attendee_info_fields":false,"footnotes":"","_tec_slr_enabled":"","_tec_slr_layout":""},"class_list":["post-2685","page","type-page","status-publish","hentry"],"yoast_head":"<!-- This site is optimized with the Yoast SEO plugin v27.4 - https:\/\/yoast.com\/product\/yoast-seo-wordpress\/ -->\n<title>Lista win - Weingut Christmann<\/title>\n<meta name=\"robots\" content=\"index, follow, max-snippet:-1, max-image-preview:large, max-video-preview:-1\" \/>\n<link rel=\"canonical\" href=\"https:\/\/landhaus-christmann.de\/pl\/winiarnia\/lista-win\/\" \/>\n<meta property=\"og:locale\" content=\"pl_PL\" \/>\n<meta property=\"og:type\" content=\"article\" \/>\n<meta property=\"og:title\" content=\"Lista win - Weingut Christmann\" \/>\n<meta property=\"og:url\" content=\"https:\/\/landhaus-christmann.de\/pl\/winiarnia\/lista-win\/\" \/>\n<meta property=\"og:site_name\" content=\"Weingut Christmann\" \/>\n<meta property=\"article:publisher\" content=\"https:\/\/www.facebook.com\/WeingutChristmann\" \/>\n<meta property=\"article:modified_time\" content=\"2026-04-03T08:56:46+00:00\" \/>\n<meta name=\"twitter:card\" content=\"summary_large_image\" \/>\n<meta name=\"twitter:label1\" content=\"Szacowany czas czytania\" \/>\n\t<meta name=\"twitter:data1\" content=\"1 minuta\" \/>\n<script type=\"application\/ld+json\" class=\"yoast-schema-graph\">{\"@context\":\"https:\\\/\\\/schema.org\",\"@graph\":[{\"@type\":\"WebPage\",\"@id\":\"https:\\\/\\\/landhaus-christmann.de\\\/pl\\\/winiarnia\\\/lista-win\\\/\",\"url\":\"https:\\\/\\\/landhaus-christmann.de\\\/pl\\\/winiarnia\\\/lista-win\\\/\",\"name\":\"Lista win - Weingut Christmann\",\"isPartOf\":{\"@id\":\"https:\\\/\\\/landhaus-christmann.de\\\/pl\\\/#website\"},\"datePublished\":\"2023-04-13T13:39:35+00:00\",\"dateModified\":\"2026-04-03T08:56:46+00:00\",\"breadcrumb\":{\"@id\":\"https:\\\/\\\/landhaus-christmann.de\\\/pl\\\/winiarnia\\\/lista-win\\\/#breadcrumb\"},\"inLanguage\":\"pl-PL\",\"potentialAction\":[{\"@type\":\"ReadAction\",\"target\":[\"https:\\\/\\\/landhaus-christmann.de\\\/pl\\\/winiarnia\\\/lista-win\\\/\"]}]},{\"@type\":\"BreadcrumbList\",\"@id\":\"https:\\\/\\\/landhaus-christmann.de\\\/pl\\\/winiarnia\\\/lista-win\\\/#breadcrumb\",\"itemListElement\":[{\"@type\":\"ListItem\",\"position\":1,\"name\":\"Startseite\",\"item\":\"https:\\\/\\\/landhaus-christmann.de\\\/pl\\\/strona-glowna\\\/\"},{\"@type\":\"ListItem\",\"position\":2,\"name\":\"Winiarnia\",\"item\":\"https:\\\/\\\/landhaus-christmann.de\\\/pl\\\/winiarnia\\\/\"},{\"@type\":\"ListItem\",\"position\":3,\"name\":\"Lista win\"}]},{\"@type\":\"WebSite\",\"@id\":\"https:\\\/\\\/landhaus-christmann.de\\\/pl\\\/#website\",\"url\":\"https:\\\/\\\/landhaus-christmann.de\\\/pl\\\/\",\"name\":\"Weingut Christmann\",\"description\":\"Weingut und Landhaus in St. Martin\\\/Pfalz\",\"publisher\":{\"@id\":\"https:\\\/\\\/landhaus-christmann.de\\\/pl\\\/#organization\"},\"potentialAction\":[{\"@type\":\"SearchAction\",\"target\":{\"@type\":\"EntryPoint\",\"urlTemplate\":\"https:\\\/\\\/landhaus-christmann.de\\\/pl\\\/?s={search_term_string}\"},\"query-input\":{\"@type\":\"PropertyValueSpecification\",\"valueRequired\":true,\"valueName\":\"search_term_string\"}}],\"inLanguage\":\"pl-PL\"},{\"@type\":\"Organization\",\"@id\":\"https:\\\/\\\/landhaus-christmann.de\\\/pl\\\/#organization\",\"name\":\"Weingut & Brennerei Christmann\",\"url\":\"https:\\\/\\\/landhaus-christmann.de\\\/pl\\\/\",\"logo\":{\"@type\":\"ImageObject\",\"inLanguage\":\"pl-PL\",\"@id\":\"https:\\\/\\\/landhaus-christmann.de\\\/pl\\\/#\\\/schema\\\/logo\\\/image\\\/\",\"url\":\"https:\\\/\\\/landhaus-christmann.de\\\/wp-content\\\/uploads\\\/2021\\\/02\\\/christmann_wappen_gold_1x.png\",\"contentUrl\":\"https:\\\/\\\/landhaus-christmann.de\\\/wp-content\\\/uploads\\\/2021\\\/02\\\/christmann_wappen_gold_1x.png\",\"width\":100,\"height\":129,\"caption\":\"Weingut & Brennerei Christmann\"},\"image\":{\"@id\":\"https:\\\/\\\/landhaus-christmann.de\\\/pl\\\/#\\\/schema\\\/logo\\\/image\\\/\"},\"sameAs\":[\"https:\\\/\\\/www.facebook.com\\\/WeingutChristmann\",\"https:\\\/\\\/www.instagram.com\\\/wein.landhaus.christmann\\\/\"]}]}<\/script>\n<!-- \/ Yoast SEO plugin. -->","yoast_head_json":{"title":"Lista win - Weingut Christmann","robots":{"index":"index","follow":"follow","max-snippet":"max-snippet:-1","max-image-preview":"max-image-preview:large","max-video-preview":"max-video-preview:-1"},"canonical":"https:\/\/landhaus-christmann.de\/pl\/winiarnia\/lista-win\/","og_locale":"pl_PL","og_type":"article","og_title":"Lista win - Weingut Christmann","og_url":"https:\/\/landhaus-christmann.de\/pl\/winiarnia\/lista-win\/","og_site_name":"Weingut Christmann","article_publisher":"https:\/\/www.facebook.com\/WeingutChristmann","article_modified_time":"2026-04-03T08:56:46+00:00","twitter_card":"summary_large_image","twitter_misc":{"Szacowany czas czytania":"1 minuta"},"schema":{"@context":"https:\/\/schema.org","@graph":[{"@type":"WebPage","@id":"https:\/\/landhaus-christmann.de\/pl\/winiarnia\/lista-win\/","url":"https:\/\/landhaus-christmann.de\/pl\/winiarnia\/lista-win\/","name":"Lista win - Weingut Christmann","isPartOf":{"@id":"https:\/\/landhaus-christmann.de\/pl\/#website"},"datePublished":"2023-04-13T13:39:35+00:00","dateModified":"2026-04-03T08:56:46+00:00","breadcrumb":{"@id":"https:\/\/landhaus-christmann.de\/pl\/winiarnia\/lista-win\/#breadcrumb"},"inLanguage":"pl-PL","potentialAction":[{"@type":"ReadAction","target":["https:\/\/landhaus-christmann.de\/pl\/winiarnia\/lista-win\/"]}]},{"@type":"BreadcrumbList","@id":"https:\/\/landhaus-christmann.de\/pl\/winiarnia\/lista-win\/#breadcrumb","itemListElement":[{"@type":"ListItem","position":1,"name":"Startseite","item":"https:\/\/landhaus-christmann.de\/pl\/strona-glowna\/"},{"@type":"ListItem","position":2,"name":"Winiarnia","item":"https:\/\/landhaus-christmann.de\/pl\/winiarnia\/"},{"@type":"ListItem","position":3,"name":"Lista win"}]},{"@type":"WebSite","@id":"https:\/\/landhaus-christmann.de\/pl\/#website","url":"https:\/\/landhaus-christmann.de\/pl\/","name":"Weingut Christmann","description":"Weingut und Landhaus in St. Martin\/Pfalz","publisher":{"@id":"https:\/\/landhaus-christmann.de\/pl\/#organization"},"potentialAction":[{"@type":"SearchAction","target":{"@type":"EntryPoint","urlTemplate":"https:\/\/landhaus-christmann.de\/pl\/?s={search_term_string}"},"query-input":{"@type":"PropertyValueSpecification","valueRequired":true,"valueName":"search_term_string"}}],"inLanguage":"pl-PL"},{"@type":"Organization","@id":"https:\/\/landhaus-christmann.de\/pl\/#organization","name":"Weingut & Brennerei Christmann","url":"https:\/\/landhaus-christmann.de\/pl\/","logo":{"@type":"ImageObject","inLanguage":"pl-PL","@id":"https:\/\/landhaus-christmann.de\/pl\/#\/schema\/logo\/image\/","url":"https:\/\/landhaus-christmann.de\/wp-content\/uploads\/2021\/02\/christmann_wappen_gold_1x.png","contentUrl":"https:\/\/landhaus-christmann.de\/wp-content\/uploads\/2021\/02\/christmann_wappen_gold_1x.png","width":100,"height":129,"caption":"Weingut & Brennerei Christmann"},"image":{"@id":"https:\/\/landhaus-christmann.de\/pl\/#\/schema\/logo\/image\/"},"sameAs":["https:\/\/www.facebook.com\/WeingutChristmann","https:\/\/www.instagram.com\/wein.landhaus.christmann\/"]}]}},"ticketed":false,"_links":{"self":[{"href":"https:\/\/landhaus-christmann.de\/pl\/wp-json\/wp\/v2\/pages\/2685","targetHints":{"allow":["GET"]}}],"collection":[{"href":"https:\/\/landhaus-christmann.de\/pl\/wp-json\/wp\/v2\/pages"}],"about":[{"href":"https:\/\/landhaus-christmann.de\/pl\/wp-json\/wp\/v2\/types\/page"}],"author":[{"embeddable":true,"href":"https:\/\/landhaus-christmann.de\/pl\/wp-json\/wp\/v2\/users\/2"}],"replies":[{"embeddable":true,"href":"https:\/\/landhaus-christmann.de\/pl\/wp-json\/wp\/v2\/comments?post=2685"}],"version-history":[{"count":14,"href":"https:\/\/landhaus-christmann.de\/pl\/wp-json\/wp\/v2\/pages\/2685\/revisions"}],"predecessor-version":[{"id":4363,"href":"https:\/\/landhaus-christmann.de\/pl\/wp-json\/wp\/v2\/pages\/2685\/revisions\/4363"}],"up":[{"embeddable":true,"href":"https:\/\/landhaus-christmann.de\/pl\/wp-json\/wp\/v2\/pages\/2719"}],"wp:attachment":[{"href":"https:\/\/landhaus-christmann.de\/pl\/wp-json\/wp\/v2\/media?parent=2685"}],"curies":[{"name":"wp","href":"https:\/\/api.w.org\/{rel}","templated":true}]}}